{"id":2832,"date":"2024-03-27T11:47:53","date_gmt":"2024-03-27T11:47:53","guid":{"rendered":"https:\/\/museum-holzbildhauerei.ch\/?page_id=2832"},"modified":"2024-03-27T12:10:36","modified_gmt":"2024-03-27T12:10:36","slug":"classes-decole","status":"publish","type":"page","link":"https:\/\/museum-holzbildhauerei.ch\/fr\/classes-decole\/","title":{"rendered":"Classes d&rsquo;\u00e9cole"},"content":{"rendered":"<div class=\"wpb-content-wrapper\"><p>[vc_row css_animation=\u00a0\u00bb\u00a0\u00bb row_type=\u00a0\u00bbrow\u00a0\u00bb use_row_as_full_screen_section=\u00a0\u00bbno\u00a0\u00bb type=\u00a0\u00bbfull_width\u00a0\u00bb angled_section=\u00a0\u00bbno\u00a0\u00bb text_align=\u00a0\u00bbleft\u00a0\u00bb background_image_as_pattern=\u00a0\u00bbwithout_pattern\u00a0\u00bb css=\u00a0\u00bb.vc_custom_1651240931188{padding-top: 3% !important;}\u00a0\u00bb z_index=\u00a0\u00bb\u00a0\u00bb][vc_column][vc_single_image image=\u00a0\u00bb2826&Prime; img_size=\u00a0\u00bbfull\u00a0\u00bb alignment=\u00a0\u00bbcenter\u00a0\u00bb qode_css_animation=\u00a0\u00bb\u00a0\u00bb qode_hover_animation=\u00a0\u00bbzoom_in\u00a0\u00bb][\/vc_column][\/vc_row][vc_row css_animation=\u00a0\u00bb\u00a0\u00bb row_type=\u00a0\u00bbrow\u00a0\u00bb use_row_as_full_screen_section=\u00a0\u00bbno\u00a0\u00bb type=\u00a0\u00bbfull_width\u00a0\u00bb angled_section=\u00a0\u00bbno\u00a0\u00bb text_align=\u00a0\u00bbleft\u00a0\u00bb background_image_as_pattern=\u00a0\u00bbwithout_pattern\u00a0\u00bb css=\u00a0\u00bb.vc_custom_1651238960930{padding-top: 4% !important;padding-left: 7% !important;}\u00a0\u00bb z_index=\u00a0\u00bb\u00a0\u00bb][vc_column][vc_single_image image=\u00a0\u00bb1064&Prime; img_size=\u00a0\u00bbfull\u00a0\u00bb qode_css_animation=\u00a0\u00bb\u00a0\u00bb css=\u00a0\u00bb.vc_custom_1711539710662{margin-left: -7% !important;}\u00a0\u00bb][vc_column_text css=\u00a0\u00bb.vc_custom_1711540419702{margin-top: -32px !important;}\u00a0\u00bb]<\/p>\n<h1>Pour classes d&rsquo;\u00e9cole<\/h1>\n<p>[\/vc_column_text][\/vc_column][\/vc_row][vc_row css_animation=\u00a0\u00bb\u00a0\u00bb row_type=\u00a0\u00bbrow\u00a0\u00bb use_row_as_full_screen_section=\u00a0\u00bbno\u00a0\u00bb type=\u00a0\u00bbfull_width\u00a0\u00bb angled_section=\u00a0\u00bbno\u00a0\u00bb text_align=\u00a0\u00bbleft\u00a0\u00bb background_image_as_pattern=\u00a0\u00bbwithout_pattern\u00a0\u00bb css=\u00a0\u00bb.vc_custom_1651238279731{padding-bottom: 4% !important;padding-left: 7% !important;}\u00a0\u00bb z_index=\u00a0\u00bb\u00a0\u00bb][vc_column width=\u00a0\u00bb1\/2&Prime;][vc_column_text]<\/p>\n<h5><strong>Une course d&rsquo;\u00e9cole ou une excursion de formation et de d\u00e9couverte est pr\u00e9vue ?<\/strong><br \/>\nNotre mus\u00e9e vous invite \u00e0 d\u00e9couvrir notre \u00e9l\u00e9ment pr\u00e9f\u00e9r\u00e9, le bois, de la mani\u00e8re la plus cr\u00e9ative qui soit ! Tout ce que l&rsquo;on peut faire avec est visible ici. Qu&rsquo;il s&rsquo;agisse de formes impertinentes, de personnages amusants, de vieux chefs-d&rsquo;\u0153uvre d&rsquo;antan, de beaux meubles ou de cr\u00e9ations surprenantes, la sculpture sur bois requiert une pr\u00e9cision extr\u00eame et un artisanat des plus raffin\u00e9s. Le mus\u00e9e donne un aper\u00e7u de toute cette diversit\u00e9.<\/h5>\n<h5><\/h5>\n<p>[\/vc_column_text][vc_empty_space height=\u00a0\u00bb15px\u00a0\u00bb][vc_column_text]<\/p>\n<h5>Vos \u00e9l\u00e8ves voudront peut-\u00eatre mettre la main \u00e0 la p\u00e2te ? C&rsquo;est possible gr\u00e2ce \u00e0 un cours rapide de sculpture sur vache, qui garantit en outre un souvenir id\u00e9al \u00e0 ramener chez soi. Ne manquez surtout pas le nouvel atelier de d\u00e9couverte &#8211; vous allez en prendre plein les yeux !<\/h5>\n<h5><\/h5>\n<p>[\/vc_column_text][vc_empty_space][\/vc_column][vc_column width=\u00a0\u00bb1\/6&Prime;][vc_column_text]<\/p>\n<h4>Combien co\u00fbte la visite ?<\/h4>\n<p>Cliquez ici pour les prix[\/vc_column_text][vc_empty_space]<a  itemprop=\"url\" href=\"https:\/\/museum-holzbildhauerei.ch\/fr\/heures-douverture-prix\/\" target=\"_self\"  class=\"qbutton  default\" style=\"\">Les Prix<\/a>[vc_empty_space][\/vc_column][vc_column width=\u00a0\u00bb1\/6&Prime;][vc_column_text]<\/p>\n<h4>Comment se rendre sur place ?<\/h4>\n<p>C&rsquo;est tr\u00e8s simple, nous sommes ici[\/vc_column_text][vc_empty_space]<a  itemprop=\"url\" href=\"https:\/\/museum-holzbildhauerei.ch\/fr\/contact\/\" target=\"_self\"  class=\"qbutton  default\" style=\"\">Arriv\u00e9e<\/a>[vc_empty_space][\/vc_column][vc_column width=\u00a0\u00bb1\/6&Prime;][vc_column_text]<\/p>\n<h4>Quand est-ce que c&rsquo;est ouvert ?<\/h4>\n<p>Ici pour les heures d&rsquo;ouverture[\/vc_column_text][vc_empty_space]<a  itemprop=\"url\" href=\"https:\/\/museum-holzbildhauerei.ch\/fr\/heures-douverture-prix\/\" target=\"_self\"  class=\"qbutton  default\" style=\"\">les heures d'ouverture<\/a>[vc_empty_space][\/vc_column][\/vc_row][vc_row css_animation=\u00a0\u00bb\u00a0\u00bb row_type=\u00a0\u00bbrow\u00a0\u00bb use_row_as_full_screen_section=\u00a0\u00bbno\u00a0\u00bb type=\u00a0\u00bbfull_width\u00a0\u00bb angled_section=\u00a0\u00bbno\u00a0\u00bb text_align=\u00a0\u00bbleft\u00a0\u00bb background_image_as_pattern=\u00a0\u00bbwithout_pattern\u00a0\u00bb][vc_column][vc_separator type=\u00a0\u00bbnormal\u00a0\u00bb thickness=\u00a0\u00bb1px\u00a0\u00bb][\/vc_column][\/vc_row][vc_row css_animation=\u00a0\u00bb\u00a0\u00bb row_type=\u00a0\u00bbrow\u00a0\u00bb use_row_as_full_screen_section=\u00a0\u00bbno\u00a0\u00bb type=\u00a0\u00bbfull_width\u00a0\u00bb angled_section=\u00a0\u00bbno\u00a0\u00bb text_align=\u00a0\u00bbleft\u00a0\u00bb background_image_as_pattern=\u00a0\u00bbwithout_pattern\u00a0\u00bb css=\u00a0\u00bb.vc_custom_1651478196138{padding-top: 4% !important;padding-bottom: 4% !important;padding-left: 7% !important;}\u00a0\u00bb z_index=\u00a0\u00bb\u00a0\u00bb][vc_column width=\u00a0\u00bb1\/2&Prime;][vc_row_inner row_type=\u00a0\u00bbrow\u00a0\u00bb type=\u00a0\u00bbfull_width\u00a0\u00bb text_align=\u00a0\u00bbleft\u00a0\u00bb css_animation=\u00a0\u00bb\u00a0\u00bb][vc_column_inner][vc_column_text]<\/p>\n<h4>Quelques id\u00e9es pour que toute la journ\u00e9e reste inoubliable :<\/h4>\n<ul>\n<li>Eben, <a href=\"https:\/\/jobin.ch\/hands-on-events\/\" target=\"_blank\" rel=\"noopener\">sculpture sur vache<\/a><\/li>\n<li><a href=\"https:\/\/museum-holzbildhauerei.ch\/fr\/bistro-shop\/\">Go\u00fbter au bistrot du mus\u00e9e<\/a><\/li>\n<li>Projection de films<\/li>\n<li>Programme au village de Schnitzler (nous donnons volontiers des conseils)<\/li>\n<li>En bateau sur le lac de Brienz ou en train \u00e0 vapeur sur le <a href=\"https:\/\/brienz-rothorn-bahn.ch\" target=\"_blank\" rel=\"noopener\">Rothorn de Brienz<\/a><\/li>\n<li>Randonn\u00e9e sur le sentier <a href=\"https:\/\/www.schnitzlerweg-axalp.ch\" target=\"_blank\" rel=\"noopener\">Schnitzler Axalp<\/a><\/li>\n<li>Visite du mus\u00e9e en plein air de <a href=\"https:\/\/ballenberg.ch\/de\/\" target=\"_blank\" rel=\"noopener\">Ballenberg<\/a><\/li>\n<\/ul>\n<p>[\/vc_column_text][\/vc_column_inner][\/vc_row_inner][\/vc_column][vc_column width=\u00a0\u00bb1\/2&Prime; css=\u00a0\u00bb.vc_custom_1651580864469{padding-right: 12% !important;padding-left: 12% !important;}\u00a0\u00bb][vc_single_image image=\u00a0\u00bb1132&Prime; img_size=\u00a0\u00bbfull\u00a0\u00bb qode_css_animation=\u00a0\u00bb\u00a0\u00bb css=\u00a0\u00bb.vc_custom_1651566828261{margin-left: -2% !important;}\u00a0\u00bb][vc_column_text css=\u00a0\u00bb.vc_custom_1711540603557{margin-top: -32px !important;}\u00a0\u00bb]<\/p>\n<h4>Les possibilit\u00e9s d&rsquo;offrir aux enfants et aux jeunes une v\u00e9ritable journ\u00e9e de d\u00e9couverte sont presque illimit\u00e9es.<\/h4>\n<p>[\/vc_column_text][vc_empty_space][\/vc_column][\/vc_row]<\/p>\n<\/div>","protected":false},"excerpt":{"rendered":"<p>[vc_row css_animation=\u00a0\u00bb\u00a0\u00bb row_type=\u00a0\u00bbrow\u00a0\u00bb use_row_as_full_screen_section=\u00a0\u00bbno\u00a0\u00bb type=\u00a0\u00bbfull_width\u00a0\u00bb angled_section=\u00a0\u00bbno\u00a0\u00bb text_align=\u00a0\u00bbleft\u00a0\u00bb background_image_as_pattern=\u00a0\u00bbwithout_pattern\u00a0\u00bb css=\u00a0\u00bb.vc_custom_1651240931188{padding-top: 3% !important;}\u00a0\u00bb z_index=\u00a0\u00bb\u00a0\u00bb][vc_column][vc_single_image image=\u00a0\u00bb2826&Prime; img_size=\u00a0\u00bbfull\u00a0\u00bb alignment=\u00a0\u00bbcenter\u00a0\u00bb qode_css_animation=\u00a0\u00bb\u00a0\u00bb qode_hover_animation=\u00a0\u00bbzoom_in\u00a0\u00bb][\/vc_column][\/vc_row][vc_row css_animation=\u00a0\u00bb\u00a0\u00bb row_type=\u00a0\u00bbrow\u00a0\u00bb use_row_as_full_screen_section=\u00a0\u00bbno\u00a0\u00bb type=\u00a0\u00bbfull_width\u00a0\u00bb angled_section=\u00a0\u00bbno\u00a0\u00bb text_align=\u00a0\u00bbleft\u00a0\u00bb background_image_as_pattern=\u00a0\u00bbwithout_pattern\u00a0\u00bb css=\u00a0\u00bb.vc_custom_1651238960930{padding-top: 4% !important;padding-left: 7% !important;}\u00a0\u00bb z_index=\u00a0\u00bb\u00a0\u00bb][vc_column][vc_single_image image=\u00a0\u00bb1064&Prime; img_size=\u00a0\u00bbfull\u00a0\u00bb qode_css_animation=\u00a0\u00bb\u00a0\u00bb css=\u00a0\u00bb.vc_custom_1711539710662{margin-left: -7% !important;}\u00a0\u00bb][vc_column_text css=\u00a0\u00bb.vc_custom_1711540419702{margin-top: -32px !important;}\u00a0\u00bb] Pour classes d&rsquo;\u00e9cole [\/vc_column_text][\/vc_column][\/vc_row][vc_row css_animation=\u00a0\u00bb\u00a0\u00bb row_type=\u00a0\u00bbrow\u00a0\u00bb use_row_as_full_screen_section=\u00a0\u00bbno\u00a0\u00bb type=\u00a0\u00bbfull_width\u00a0\u00bb angled_section=\u00a0\u00bbno\u00a0\u00bb text_align=\u00a0\u00bbleft\u00a0\u00bb background_image_as_pattern=\u00a0\u00bbwithout_pattern\u00a0\u00bb css=\u00a0\u00bb.vc_custom_1651238279731{padding-bottom: 4% !important;padding-left: 7% !important;}\u00a0\u00bb z_index=\u00a0\u00bb\u00a0\u00bb][vc_column width=\u00a0\u00bb1\/2&Prime;][vc_column_text] Une course d&rsquo;\u00e9cole ou une excursion de formation et de d\u00e9couverte est pr\u00e9vue ? Notre mus\u00e9e vous invite \u00e0 d\u00e9couvrir notre \u00e9l\u00e9ment pr\u00e9f\u00e9r\u00e9, le bois, de la mani\u00e8re la plus cr\u00e9ative qui soit&#8230;<\/p>\n","protected":false},"author":1,"featured_media":0,"parent":0,"menu_order":0,"comment_status":"closed","ping_status":"closed","template":"full_width.php","meta":{"footnotes":""},"class_list":["post-2832","page","type-page","status-publish","hentry"],"yoast_head":"<!-- This site is optimized with the Yoast SEO plugin v27.3 - https:\/\/yoast.com\/product\/yoast-seo-wordpress\/ -->\n<title>Classes d&#039;\u00e9cole - Schweizer Holzbildhauerei Museum Brienz<\/title>\n<meta name=\"description\" content=\"Une course d&#039;\u00e9cole ou une excursion de formation et de d\u00e9couverte est pr\u00e9vue ? Notre mus\u00e9e vous invite \u00e0 d\u00e9couvrir notre \u00e9l\u00e9ment pr\u00e9f\u00e9r\u00e9, le bois, de la mani\u00e8re la plus cr\u00e9ative qui soit !\" \/>\n<meta name=\"robots\" content=\"index, follow, max-snippet:-1, max-image-preview:large, max-video-preview:-1\" \/>\n<link rel=\"canonical\" href=\"https:\/\/museum-holzbildhauerei.ch\/fr\/classes-decole\/\" \/>\n<meta property=\"og:locale\" content=\"fr_FR\" \/>\n<meta property=\"og:type\" content=\"article\" \/>\n<meta property=\"og:title\" content=\"Classes d&#039;\u00e9cole - Schweizer Holzbildhauerei Museum Brienz\" \/>\n<meta property=\"og:description\" content=\"Une course d&#039;\u00e9cole ou une excursion de formation et de d\u00e9couverte est pr\u00e9vue ? Notre mus\u00e9e vous invite \u00e0 d\u00e9couvrir notre \u00e9l\u00e9ment pr\u00e9f\u00e9r\u00e9, le bois, de la mani\u00e8re la plus cr\u00e9ative qui soit !\" \/>\n<meta property=\"og:url\" content=\"https:\/\/museum-holzbildhauerei.ch\/fr\/classes-decole\/\" \/>\n<meta property=\"og:site_name\" content=\"Schweizer Holzbildhauerei Museum Brienz\" \/>\n<meta property=\"article:modified_time\" content=\"2024-03-27T12:10:36+00:00\" \/>\n<meta name=\"twitter:card\" content=\"summary_large_image\" \/>\n<meta name=\"twitter:label1\" content=\"Dur\u00e9e de lecture estim\u00e9e\" \/>\n\t<meta name=\"twitter:data1\" content=\"3 minutes\" \/>\n<script type=\"application\/ld+json\" class=\"yoast-schema-graph\">{\"@context\":\"https:\\\/\\\/schema.org\",\"@graph\":[{\"@type\":\"WebPage\",\"@id\":\"https:\\\/\\\/museum-holzbildhauerei.ch\\\/fr\\\/classes-decole\\\/\",\"url\":\"https:\\\/\\\/museum-holzbildhauerei.ch\\\/fr\\\/classes-decole\\\/\",\"name\":\"Classes d'\u00e9cole - Schweizer Holzbildhauerei Museum Brienz\",\"isPartOf\":{\"@id\":\"https:\\\/\\\/museum-holzbildhauerei.ch\\\/fr\\\/#website\"},\"datePublished\":\"2024-03-27T11:47:53+00:00\",\"dateModified\":\"2024-03-27T12:10:36+00:00\",\"description\":\"Une course d'\u00e9cole ou une excursion de formation et de d\u00e9couverte est pr\u00e9vue ? Notre mus\u00e9e vous invite \u00e0 d\u00e9couvrir notre \u00e9l\u00e9ment pr\u00e9f\u00e9r\u00e9, le bois, de la mani\u00e8re la plus cr\u00e9ative qui soit !\",\"breadcrumb\":{\"@id\":\"https:\\\/\\\/museum-holzbildhauerei.ch\\\/fr\\\/classes-decole\\\/#breadcrumb\"},\"inLanguage\":\"fr-FR\",\"potentialAction\":[{\"@type\":\"ReadAction\",\"target\":[\"https:\\\/\\\/museum-holzbildhauerei.ch\\\/fr\\\/classes-decole\\\/\"]}]},{\"@type\":\"BreadcrumbList\",\"@id\":\"https:\\\/\\\/museum-holzbildhauerei.ch\\\/fr\\\/classes-decole\\\/#breadcrumb\",\"itemListElement\":[{\"@type\":\"ListItem\",\"position\":1,\"name\":\"Startseite\",\"item\":\"https:\\\/\\\/museum-holzbildhauerei.ch\\\/fr\\\/\"},{\"@type\":\"ListItem\",\"position\":2,\"name\":\"Classes d&#8217;\u00e9cole\"}]},{\"@type\":\"WebSite\",\"@id\":\"https:\\\/\\\/museum-holzbildhauerei.ch\\\/fr\\\/#website\",\"url\":\"https:\\\/\\\/museum-holzbildhauerei.ch\\\/fr\\\/\",\"name\":\"Schweizer Holzbildhauerei Museum Brienz\",\"description\":\"Holzschnitzerei Handwerkskunst\",\"publisher\":{\"@id\":\"https:\\\/\\\/museum-holzbildhauerei.ch\\\/fr\\\/#organization\"},\"potentialAction\":[{\"@type\":\"SearchAction\",\"target\":{\"@type\":\"EntryPoint\",\"urlTemplate\":\"https:\\\/\\\/museum-holzbildhauerei.ch\\\/fr\\\/?s={search_term_string}\"},\"query-input\":{\"@type\":\"PropertyValueSpecification\",\"valueRequired\":true,\"valueName\":\"search_term_string\"}}],\"inLanguage\":\"fr-FR\"},{\"@type\":\"Organization\",\"@id\":\"https:\\\/\\\/museum-holzbildhauerei.ch\\\/fr\\\/#organization\",\"name\":\"Schweizer Holzbildhauerei Museum Brienz\",\"url\":\"https:\\\/\\\/museum-holzbildhauerei.ch\\\/fr\\\/\",\"logo\":{\"@type\":\"ImageObject\",\"inLanguage\":\"fr-FR\",\"@id\":\"https:\\\/\\\/museum-holzbildhauerei.ch\\\/fr\\\/#\\\/schema\\\/logo\\\/image\\\/\",\"url\":\"https:\\\/\\\/museum-holzbildhauerei.ch\\\/wp-content\\\/uploads\\\/2022\\\/05\\\/museum-holzbildhauerei-schweiz-brienz-SEO.jpg\",\"contentUrl\":\"https:\\\/\\\/museum-holzbildhauerei.ch\\\/wp-content\\\/uploads\\\/2022\\\/05\\\/museum-holzbildhauerei-schweiz-brienz-SEO.jpg\",\"width\":600,\"height\":600,\"caption\":\"Schweizer Holzbildhauerei Museum Brienz\"},\"image\":{\"@id\":\"https:\\\/\\\/museum-holzbildhauerei.ch\\\/fr\\\/#\\\/schema\\\/logo\\\/image\\\/\"}}]}<\/script>\n<!-- \/ Yoast SEO plugin. -->","yoast_head_json":{"title":"Classes d'\u00e9cole - Schweizer Holzbildhauerei Museum Brienz","description":"Une course d'\u00e9cole ou une excursion de formation et de d\u00e9couverte est pr\u00e9vue ? Notre mus\u00e9e vous invite \u00e0 d\u00e9couvrir notre \u00e9l\u00e9ment pr\u00e9f\u00e9r\u00e9, le bois, de la mani\u00e8re la plus cr\u00e9ative qui soit !","robots":{"index":"index","follow":"follow","max-snippet":"max-snippet:-1","max-image-preview":"max-image-preview:large","max-video-preview":"max-video-preview:-1"},"canonical":"https:\/\/museum-holzbildhauerei.ch\/fr\/classes-decole\/","og_locale":"fr_FR","og_type":"article","og_title":"Classes d'\u00e9cole - Schweizer Holzbildhauerei Museum Brienz","og_description":"Une course d'\u00e9cole ou une excursion de formation et de d\u00e9couverte est pr\u00e9vue ? Notre mus\u00e9e vous invite \u00e0 d\u00e9couvrir notre \u00e9l\u00e9ment pr\u00e9f\u00e9r\u00e9, le bois, de la mani\u00e8re la plus cr\u00e9ative qui soit !","og_url":"https:\/\/museum-holzbildhauerei.ch\/fr\/classes-decole\/","og_site_name":"Schweizer Holzbildhauerei Museum Brienz","article_modified_time":"2024-03-27T12:10:36+00:00","twitter_card":"summary_large_image","twitter_misc":{"Dur\u00e9e de lecture estim\u00e9e":"3 minutes"},"schema":{"@context":"https:\/\/schema.org","@graph":[{"@type":"WebPage","@id":"https:\/\/museum-holzbildhauerei.ch\/fr\/classes-decole\/","url":"https:\/\/museum-holzbildhauerei.ch\/fr\/classes-decole\/","name":"Classes d'\u00e9cole - Schweizer Holzbildhauerei Museum Brienz","isPartOf":{"@id":"https:\/\/museum-holzbildhauerei.ch\/fr\/#website"},"datePublished":"2024-03-27T11:47:53+00:00","dateModified":"2024-03-27T12:10:36+00:00","description":"Une course d'\u00e9cole ou une excursion de formation et de d\u00e9couverte est pr\u00e9vue ? Notre mus\u00e9e vous invite \u00e0 d\u00e9couvrir notre \u00e9l\u00e9ment pr\u00e9f\u00e9r\u00e9, le bois, de la mani\u00e8re la plus cr\u00e9ative qui soit !","breadcrumb":{"@id":"https:\/\/museum-holzbildhauerei.ch\/fr\/classes-decole\/#breadcrumb"},"inLanguage":"fr-FR","potentialAction":[{"@type":"ReadAction","target":["https:\/\/museum-holzbildhauerei.ch\/fr\/classes-decole\/"]}]},{"@type":"BreadcrumbList","@id":"https:\/\/museum-holzbildhauerei.ch\/fr\/classes-decole\/#breadcrumb","itemListElement":[{"@type":"ListItem","position":1,"name":"Startseite","item":"https:\/\/museum-holzbildhauerei.ch\/fr\/"},{"@type":"ListItem","position":2,"name":"Classes d&#8217;\u00e9cole"}]},{"@type":"WebSite","@id":"https:\/\/museum-holzbildhauerei.ch\/fr\/#website","url":"https:\/\/museum-holzbildhauerei.ch\/fr\/","name":"Schweizer Holzbildhauerei Museum Brienz","description":"Holzschnitzerei Handwerkskunst","publisher":{"@id":"https:\/\/museum-holzbildhauerei.ch\/fr\/#organization"},"potentialAction":[{"@type":"SearchAction","target":{"@type":"EntryPoint","urlTemplate":"https:\/\/museum-holzbildhauerei.ch\/fr\/?s={search_term_string}"},"query-input":{"@type":"PropertyValueSpecification","valueRequired":true,"valueName":"search_term_string"}}],"inLanguage":"fr-FR"},{"@type":"Organization","@id":"https:\/\/museum-holzbildhauerei.ch\/fr\/#organization","name":"Schweizer Holzbildhauerei Museum Brienz","url":"https:\/\/museum-holzbildhauerei.ch\/fr\/","logo":{"@type":"ImageObject","inLanguage":"fr-FR","@id":"https:\/\/museum-holzbildhauerei.ch\/fr\/#\/schema\/logo\/image\/","url":"https:\/\/museum-holzbildhauerei.ch\/wp-content\/uploads\/2022\/05\/museum-holzbildhauerei-schweiz-brienz-SEO.jpg","contentUrl":"https:\/\/museum-holzbildhauerei.ch\/wp-content\/uploads\/2022\/05\/museum-holzbildhauerei-schweiz-brienz-SEO.jpg","width":600,"height":600,"caption":"Schweizer Holzbildhauerei Museum Brienz"},"image":{"@id":"https:\/\/museum-holzbildhauerei.ch\/fr\/#\/schema\/logo\/image\/"}}]}},"_links":{"self":[{"href":"https:\/\/museum-holzbildhauerei.ch\/fr\/wp-json\/wp\/v2\/pages\/2832","targetHints":{"allow":["GET"]}}],"collection":[{"href":"https:\/\/museum-holzbildhauerei.ch\/fr\/wp-json\/wp\/v2\/pages"}],"about":[{"href":"https:\/\/museum-holzbildhauerei.ch\/fr\/wp-json\/wp\/v2\/types\/page"}],"author":[{"embeddable":true,"href":"https:\/\/museum-holzbildhauerei.ch\/fr\/wp-json\/wp\/v2\/users\/1"}],"replies":[{"embeddable":true,"href":"https:\/\/museum-holzbildhauerei.ch\/fr\/wp-json\/wp\/v2\/comments?post=2832"}],"version-history":[{"count":4,"href":"https:\/\/museum-holzbildhauerei.ch\/fr\/wp-json\/wp\/v2\/pages\/2832\/revisions"}],"predecessor-version":[{"id":2839,"href":"https:\/\/museum-holzbildhauerei.ch\/fr\/wp-json\/wp\/v2\/pages\/2832\/revisions\/2839"}],"wp:attachment":[{"href":"https:\/\/museum-holzbildhauerei.ch\/fr\/wp-json\/wp\/v2\/media?parent=2832"}],"curies":[{"name":"wp","href":"https:\/\/api.w.org\/{rel}","templated":true}]}}