{"id":1690,"date":"2022-08-22T14:04:22","date_gmt":"2022-08-22T14:04:22","guid":{"rendered":"https:\/\/museum-holzbildhauerei.ch\/?page_id=1690"},"modified":"2022-12-21T14:34:52","modified_gmt":"2022-12-21T14:34:52","slug":"artisanat-et-artisanat-dart","status":"publish","type":"page","link":"https:\/\/museum-holzbildhauerei.ch\/fr\/artisanat-et-artisanat-dart\/","title":{"rendered":"Artisanat et Artisanat d&rsquo;art"},"content":{"rendered":"<div class=\"wpb-content-wrapper\"><p>[vc_row css_animation=\u00a0\u00bb\u00a0\u00bb row_type=\u00a0\u00bbrow\u00a0\u00bb use_row_as_full_screen_section=\u00a0\u00bbno\u00a0\u00bb type=\u00a0\u00bbfull_width\u00a0\u00bb angled_section=\u00a0\u00bbno\u00a0\u00bb text_align=\u00a0\u00bbleft\u00a0\u00bb background_image_as_pattern=\u00a0\u00bbwithout_pattern\u00a0\u00bb css=\u00a0\u00bb.vc_custom_1651240931188{padding-top: 3% !important;}\u00a0\u00bb z_index=\u00a0\u00bb\u00a0\u00bb][vc_column][vc_single_image image=\u00a0\u00bb1218&Prime; img_size=\u00a0\u00bbfull\u00a0\u00bb alignment=\u00a0\u00bbcenter\u00a0\u00bb qode_css_animation=\u00a0\u00bb\u00a0\u00bb qode_hover_animation=\u00a0\u00bbzoom_in\u00a0\u00bb][\/vc_column][\/vc_row][vc_row css_animation=\u00a0\u00bb\u00a0\u00bb row_type=\u00a0\u00bbrow\u00a0\u00bb use_row_as_full_screen_section=\u00a0\u00bbno\u00a0\u00bb type=\u00a0\u00bbfull_width\u00a0\u00bb angled_section=\u00a0\u00bbno\u00a0\u00bb text_align=\u00a0\u00bbleft\u00a0\u00bb background_image_as_pattern=\u00a0\u00bbwithout_pattern\u00a0\u00bb css=\u00a0\u00bb.vc_custom_1651238960930{padding-top: 4% !important;padding-left: 7% !important;}\u00a0\u00bb z_index=\u00a0\u00bb\u00a0\u00bb][vc_column][vc_single_image image=\u00a0\u00bb1062&Prime; img_size=\u00a0\u00bbfull\u00a0\u00bb qode_css_animation=\u00a0\u00bb\u00a0\u00bb css=\u00a0\u00bb.vc_custom_1661176880041{margin-left: -7% !important;}\u00a0\u00bb][vc_column_text css=\u00a0\u00bb.vc_custom_1671633044634{margin-top: -32px !important;}\u00a0\u00bb]<\/p>\n<h1>Artisanat . Artisanat d&rsquo;art<\/h1>\n<p>[\/vc_column_text][\/vc_column][\/vc_row][vc_row css_animation=\u00a0\u00bb\u00a0\u00bb row_type=\u00a0\u00bbrow\u00a0\u00bb use_row_as_full_screen_section=\u00a0\u00bbno\u00a0\u00bb type=\u00a0\u00bbfull_width\u00a0\u00bb angled_section=\u00a0\u00bbno\u00a0\u00bb text_align=\u00a0\u00bbleft\u00a0\u00bb background_image_as_pattern=\u00a0\u00bbwithout_pattern\u00a0\u00bb css=\u00a0\u00bb.vc_custom_1661177194067{padding-left: 7% !important;}\u00a0\u00bb z_index=\u00a0\u00bb\u00a0\u00bb][vc_column width=\u00a0\u00bb3\/4&Prime;][vc_column_text]<\/p>\n<h5>La sculpture sur bois, qui consiste \u00e0 travailler le bois \u00e0 l&rsquo;aide d&rsquo;un millier d&rsquo;outils diff\u00e9rents, est un artisanat traditionnel qui fascine les personnes cr\u00e9atives depuis plusieurs si\u00e8cles dans de nombreuses r\u00e9gions du monde. Aujourd&rsquo;hui, la sculpture sur bois est divis\u00e9e dans les domaines suivants :<\/h5>\n<p>[\/vc_column_text][vc_empty_space height=\u00a0\u00bb16px\u00a0\u00bb][\/vc_column][vc_column width=\u00a0\u00bb1\/4&Prime;][\/vc_column][\/vc_row][vc_row css_animation=\u00a0\u00bb\u00a0\u00bb row_type=\u00a0\u00bbrow\u00a0\u00bb use_row_as_full_screen_section=\u00a0\u00bbno\u00a0\u00bb type=\u00a0\u00bbfull_width\u00a0\u00bb angled_section=\u00a0\u00bbno\u00a0\u00bb text_align=\u00a0\u00bbleft\u00a0\u00bb background_image_as_pattern=\u00a0\u00bbwithout_pattern\u00a0\u00bb][vc_column][vc_separator type=\u00a0\u00bbnormal\u00a0\u00bb thickness=\u00a0\u00bb1px\u00a0\u00bb][\/vc_column][\/vc_row][vc_row css_animation=\u00a0\u00bb\u00a0\u00bb row_type=\u00a0\u00bbrow\u00a0\u00bb use_row_as_full_screen_section=\u00a0\u00bbno\u00a0\u00bb type=\u00a0\u00bbfull_width\u00a0\u00bb angled_section=\u00a0\u00bbno\u00a0\u00bb text_align=\u00a0\u00bbleft\u00a0\u00bb background_image_as_pattern=\u00a0\u00bbwithout_pattern\u00a0\u00bb css=\u00a0\u00bb.vc_custom_1661177207188{padding-bottom: 4% !important;padding-left: 7% !important;}\u00a0\u00bb z_index=\u00a0\u00bb\u00a0\u00bb][vc_column][vc_row_inner row_type=\u00a0\u00bbrow\u00a0\u00bb type=\u00a0\u00bbfull_width\u00a0\u00bb text_align=\u00a0\u00bbleft\u00a0\u00bb css_animation=\u00a0\u00bb\u00a0\u00bb css=\u00a0\u00bb.vc_custom_1671612747189{padding-bottom: 2% !important;}\u00a0\u00bb][vc_column_inner width=\u00a0\u00bb1\/3&Prime;][vc_empty_space][vc_single_image image=\u00a0\u00bb1222&Prime; img_size=\u00a0\u00bbfull\u00a0\u00bb alignment=\u00a0\u00bbcenter\u00a0\u00bb qode_css_animation=\u00a0\u00bb\u00a0\u00bb qode_hover_animation=\u00a0\u00bbzoom_in\u00a0\u00bb][vc_empty_space][vc_column_text]<\/p>\n<h4>Sculpture de figurines<\/h4>\n<p>Pour sculpter des figurines, on utilise souvent ce que l&rsquo;on appelle des \u00e9bauches de sculpture (pi\u00e8ces de bois pr\u00e9-frais\u00e9es). Lorsque ces \u00e9bauches donnent naissance \u00e0 des \u0153uvres d&rsquo;art, elles sont \u00e9galement consid\u00e9r\u00e9es comme \u00ab\u00a0sculpt\u00e9es \u00e0 la main\u00a0\u00bb,\u00a0 lorsqu&rsquo;elles sont enti\u00e8rement travaill\u00e9es avec des couteaux de sculpture.[\/vc_column_text][vc_empty_space height=\u00a0\u00bb10px\u00a0\u00bb][vc_column_text]La conception d&rsquo;une nouvelle figure en bois remplit chaque sculpteur de bois d&rsquo;un grand suspense et d&rsquo;anticipation. Mais le chemin est souvent long jusqu&rsquo;\u00e0 la figurine finale, qui n\u00e9cessite toutes sortes d&rsquo;\u00e9tapes de travail cr\u00e9atives.<\/p>\n<ul>\n<li>Cr\u00e9ation d&rsquo;un prototype de la figurine en bois sculpt\u00e9e \u00e0 la main<\/li>\n<li>L&rsquo;\u00e9bauche de sculpture<\/li>\n<li>de l&rsquo;\u00e9bauche \u00e0 la figure en bois de caract\u00e8re forte<\/li>\n<\/ul>\n<p>Pour de nombreux propri\u00e9taires, la forme naturelle est l&rsquo;une des plus belles r\u00e9alisations. Mais toute une s\u00e9rie de finitions trouve \u00e9galement des adeptes enthousiastes. Il s&rsquo;agit notamment de versions teint\u00e9es, teint\u00e9es plusieurs fois, antiqu\u00e9es, peintes et d\u00e9cor\u00e9es \u00e0 l&rsquo;or v\u00e9ritable.[\/vc_column_text][vc_empty_space][\/vc_column_inner][vc_column_inner width=\u00a0\u00bb1\/3&Prime;][vc_empty_space][vc_single_image image=\u00a0\u00bb1220&Prime; img_size=\u00a0\u00bbfull\u00a0\u00bb alignment=\u00a0\u00bbcenter\u00a0\u00bb qode_css_animation=\u00a0\u00bb\u00a0\u00bb qode_hover_animation=\u00a0\u00bbzoom_in\u00a0\u00bb][vc_empty_space][vc_column_text]<\/p>\n<h4>Articles d&rsquo;usage courant<\/h4>\n<p>La sculpture est l&rsquo;une des techniques artisanales les plus traditionnelles et convient parfaitement pour s&rsquo;\u00e9vader du quotidien tout en cr\u00e9ant de ses propres mains de beaux objets utilitaires et d\u00e9coratifs. Qu&rsquo;il s&rsquo;agisse de beaux bols \u00e0 fruits, de cuill\u00e8res en bois, de tables d&rsquo;appoint ou de bougeoirs, le choix ne pourrait pas \u00eatre plus vari\u00e9. Le bois, dans ses diff\u00e9rentes nuances, couleurs et poids, est id\u00e9al pour un usage quotidien ou \u00e0 des fins d\u00e9coratives.[\/vc_column_text][vc_empty_space height=\u00a0\u00bb10px\u00a0\u00bb][vc_column_text]Les figurines en p\u00e9riode de f\u00eate, notamment, ont une longue tradition et une grande importance dans les soci\u00e9t\u00e9s les plus diverses. Qu&rsquo;il s&rsquo;agisse de la fabrication de grandes quantit\u00e9s ou de pi\u00e8ces uniques de valeur, voire pour les d\u00e9butants et les sculpteurs sur bois amateurs.[\/vc_column_text][vc_empty_space][\/vc_column_inner][vc_column_inner width=\u00a0\u00bb1\/3&Prime;][vc_empty_space][vc_single_image image=\u00a0\u00bb1614&Prime; img_size=\u00a0\u00bbfull\u00a0\u00bb alignment=\u00a0\u00bbcenter\u00a0\u00bb qode_css_animation=\u00a0\u00bb\u00a0\u00bb qode_hover_animation=\u00a0\u00bbzoom_in\u00a0\u00bb][vc_empty_space][vc_column_text]<\/p>\n<h4>Souvenirs<\/h4>\n<p>Les anciens ma\u00eetres de la sculpture sur bois de Brienz et de tout le pays profitaient d\u00e9j\u00e0 bien de la grande envie des visiteurs du monde entier de se souvenir toute la vie avec une belle souvenance de leur voyage en Suisse. Hier comme aujourd&rsquo;hui, c&rsquo;\u00e9tait une bonne affaire et m\u00eame si la demande et l&rsquo;offre \u00e9voluent sans cesse, les adorables vaches en bois, les jouets, les horloges murales, toutes sortes de figurines et bien d&rsquo;autres choses encore font partie de l&rsquo;offre standard de tout commerce et magasin de souvenirs.[\/vc_column_text][vc_empty_space height=\u00a0\u00bb10px\u00a0\u00bb][vc_column_text]Si les souvenirs de voyage \u00e9taient souvent richement d\u00e9cor\u00e9s dans le pass\u00e9, les formes raffin\u00e9es des styles les plus divers font encore aujourd&rsquo;hui partie des articles cadeaux appr\u00e9ci\u00e9s pour les proches \u00e0 la maison ou pour soi-m\u00eame. Aujourd&rsquo;hui encore, la fabrication de souvenirs constitue une branche \u00e9conomique importante et un revenu fiable dans le village de sculpteurs de Brienz.[\/vc_column_text][vc_empty_space][\/vc_column_inner][\/vc_row_inner][vc_row_inner row_type=\u00a0\u00bbrow\u00a0\u00bb type=\u00a0\u00bbfull_width\u00a0\u00bb text_align=\u00a0\u00bbleft\u00a0\u00bb css_animation=\u00a0\u00bb\u00a0\u00bb][vc_column_inner width=\u00a0\u00bb1\/3&Prime;][vc_empty_space][vc_single_image image=\u00a0\u00bb1617&Prime; img_size=\u00a0\u00bbfull\u00a0\u00bb alignment=\u00a0\u00bbcenter\u00a0\u00bb qode_css_animation=\u00a0\u00bb\u00a0\u00bb qode_hover_animation=\u00a0\u00bbzoom_in\u00a0\u00bb][vc_empty_space][vc_column_text]<\/p>\n<h4>D\u00e9corations d&rsquo;int\u00e9rieur<\/h4>\n<p>Cette gamme est \u00e9galement tr\u00e8s large, les utilisations et les styles les plus divers marquent le monde de la d\u00e9coration int\u00e9rieure en bois. Ornements sur les meubles ou sobri\u00e9t\u00e9 raffin\u00e9e, ours de garde-robe (pas seulement pour les amateurs d\u2019art), d\u00e9corations murales, panneaux indicateurs, tableaux, lampes, sans oublier les d\u00e9corations de No\u00ebl les plus soign\u00e9es ou les d\u00e9corations g\u00e9n\u00e9rales de f\u00eate.[\/vc_column_text][vc_empty_space height=\u00a0\u00bb10px\u00a0\u00bb][vc_column_text]En font \u00e9galement partie l&rsquo;art fascinant des d\u00e9corations de maisons en bois, qui caract\u00e9risent de nombreuses r\u00e9gions de Suisse et notamment l&rsquo;Oberland Bernois dans certains villages. Que ce soit \u00e0 grande \u00e9chelle sous forme de chefs d&rsquo;\u0153uvre de village ou en miniature sous forme de chalets d\u00e9coratifs, de bo\u00eetes \u00e0 musique et bien d&rsquo;autres choses encore.\u00a0Le bois cr\u00e9e de la chaleur et du confort dans chaque maison, qu&rsquo;il soit pr\u00e9sent\u00e9 de mani\u00e8re traditionnelle et ludique ou de mani\u00e8re tout \u00e0 fait moderne, sobre et raffin\u00e9e.[\/vc_column_text][vc_empty_space][\/vc_column_inner][vc_column_inner width=\u00a0\u00bb1\/3&Prime;][vc_empty_space][vc_single_image image=\u00a0\u00bb1224&Prime; img_size=\u00a0\u00bbfull\u00a0\u00bb alignment=\u00a0\u00bbcenter\u00a0\u00bb qode_css_animation=\u00a0\u00bb\u00a0\u00bb qode_hover_animation=\u00a0\u00bbzoom_in\u00a0\u00bb][vc_empty_space][vc_column_text]<\/p>\n<h4>Sculpter des mod\u00e8les<\/h4>\n<p>Avec un niveau de difficult\u00e9 accru, contrairement \u00e0 la sculpture de reliefs classiques, un n\u00e9gatif est sculpt\u00e9 en profondeur. Le d\u00e9fi suppl\u00e9mentaire est que les c\u00f4t\u00e9s droit et gauche du motif doivent \u00eatre invers\u00e9s dans le n\u00e9gatif afin de reproduire plus tard le motif original. On sculpte en miroir.[\/vc_column_text][vc_empty_space][\/vc_column_inner][vc_column_inner width=\u00a0\u00bb1\/3&Prime;][vc_empty_space][vc_single_image image=\u00a0\u00bb1611&Prime; img_size=\u00a0\u00bbfull\u00a0\u00bb alignment=\u00a0\u00bbcenter\u00a0\u00bb qode_css_animation=\u00a0\u00bb\u00a0\u00bb qode_hover_animation=\u00a0\u00bbzoom_in\u00a0\u00bb][vc_empty_space][vc_column_text]<\/p>\n<h4>Surfaces<\/h4>\n<p>Les sculptures sont propos\u00e9es en version \u00ab\u00a0naturelle\u00a0\u00bb, \u00a0\u00bb colori\u00e9e \u00a0\u00bb ou \u00a0\u00bb sertie \u00ab\u00a0. Pour conserver la surface naturelle du bois, le mat\u00e9riau est trait\u00e9 avec des huiles ou des cires. Celles-ci assurent une protection de la surface qui prot\u00e8ge le bois de l&rsquo;humidit\u00e9 et de la salet\u00e9. Colori\u00e9 signifie que la couleur du bois est modifi\u00e9e \u00e0 l&rsquo;aide de peintures ou de teintures. La structure naturelle du bois reste visible. Le traitement final se fait ici aussi avec de la cire ou de l&rsquo;huile. Les sculptures serties sont enduites d&rsquo;un fond sp\u00e9cial de colle et de craie. La plupart du temps, on proc\u00e8de \u00e9galement \u00e0 une dorure lors d&rsquo;un sertissage. La mise en couleur est r\u00e9alis\u00e9e avec des couleurs opaques, de sorte que plus rien ne soit visible du bois.[\/vc_column_text][vc_empty_space][\/vc_column_inner][\/vc_row_inner][\/vc_column][\/vc_row]<\/p>\n<\/div>","protected":false},"excerpt":{"rendered":"<p>[vc_row css_animation=\u00a0\u00bb\u00a0\u00bb row_type=\u00a0\u00bbrow\u00a0\u00bb use_row_as_full_screen_section=\u00a0\u00bbno\u00a0\u00bb type=\u00a0\u00bbfull_width\u00a0\u00bb angled_section=\u00a0\u00bbno\u00a0\u00bb text_align=\u00a0\u00bbleft\u00a0\u00bb background_image_as_pattern=\u00a0\u00bbwithout_pattern\u00a0\u00bb css=\u00a0\u00bb.vc_custom_1651240931188{padding-top: 3% !important;}\u00a0\u00bb z_index=\u00a0\u00bb\u00a0\u00bb][vc_column][vc_single_image image=\u00a0\u00bb1218&Prime; img_size=\u00a0\u00bbfull\u00a0\u00bb alignment=\u00a0\u00bbcenter\u00a0\u00bb qode_css_animation=\u00a0\u00bb\u00a0\u00bb qode_hover_animation=\u00a0\u00bbzoom_in\u00a0\u00bb][\/vc_column][\/vc_row][vc_row css_animation=\u00a0\u00bb\u00a0\u00bb row_type=\u00a0\u00bbrow\u00a0\u00bb use_row_as_full_screen_section=\u00a0\u00bbno\u00a0\u00bb type=\u00a0\u00bbfull_width\u00a0\u00bb angled_section=\u00a0\u00bbno\u00a0\u00bb text_align=\u00a0\u00bbleft\u00a0\u00bb background_image_as_pattern=\u00a0\u00bbwithout_pattern\u00a0\u00bb css=\u00a0\u00bb.vc_custom_1651238960930{padding-top: 4% !important;padding-left: 7% !important;}\u00a0\u00bb z_index=\u00a0\u00bb\u00a0\u00bb][vc_column][vc_single_image image=\u00a0\u00bb1062&Prime; img_size=\u00a0\u00bbfull\u00a0\u00bb qode_css_animation=\u00a0\u00bb\u00a0\u00bb css=\u00a0\u00bb.vc_custom_1661176880041{margin-left: -7% !important;}\u00a0\u00bb][vc_column_text css=\u00a0\u00bb.vc_custom_1671633044634{margin-top: -32px !important;}\u00a0\u00bb] Artisanat . Artisanat d&rsquo;art [\/vc_column_text][\/vc_column][\/vc_row][vc_row css_animation=\u00a0\u00bb\u00a0\u00bb row_type=\u00a0\u00bbrow\u00a0\u00bb use_row_as_full_screen_section=\u00a0\u00bbno\u00a0\u00bb type=\u00a0\u00bbfull_width\u00a0\u00bb angled_section=\u00a0\u00bbno\u00a0\u00bb text_align=\u00a0\u00bbleft\u00a0\u00bb background_image_as_pattern=\u00a0\u00bbwithout_pattern\u00a0\u00bb css=\u00a0\u00bb.vc_custom_1661177194067{padding-left: 7% !important;}\u00a0\u00bb z_index=\u00a0\u00bb\u00a0\u00bb][vc_column width=\u00a0\u00bb3\/4&Prime;][vc_column_text] La sculpture sur bois, qui consiste \u00e0 travailler le bois \u00e0 l&rsquo;aide d&rsquo;un millier d&rsquo;outils diff\u00e9rents, est un artisanat traditionnel qui fascine les personnes cr\u00e9atives depuis plusieurs si\u00e8cles dans de nombreuses r\u00e9gions du monde&#8230;.<\/p>\n","protected":false},"author":1,"featured_media":0,"parent":0,"menu_order":0,"comment_status":"closed","ping_status":"closed","template":"full_width.php","meta":{"footnotes":""},"class_list":["post-1690","page","type-page","status-publish","hentry"],"yoast_head":"<!-- This site is optimized with the Yoast SEO plugin v27.3 - https:\/\/yoast.com\/product\/yoast-seo-wordpress\/ -->\n<title>Artisanat et Artisanat d&#039;art - Schweizer Holzbildhauerei Museum Brienz<\/title>\n<meta name=\"description\" content=\"La sculpture sur bois, qui consiste \u00e0 travailler le bois \u00e0 l&#039;aide d&#039;un millier d&#039;outils diff\u00e9rents, est un artisanat traditionnel qui fascine les personnes cr\u00e9atives depuis plusieurs si\u00e8cles dans de nombreuses r\u00e9gions du monde.\" \/>\n<meta name=\"robots\" content=\"index, follow, max-snippet:-1, max-image-preview:large, max-video-preview:-1\" \/>\n<link rel=\"canonical\" href=\"https:\/\/museum-holzbildhauerei.ch\/fr\/artisanat-et-artisanat-dart\/\" \/>\n<meta property=\"og:locale\" content=\"fr_FR\" \/>\n<meta property=\"og:type\" content=\"article\" \/>\n<meta property=\"og:title\" content=\"Artisanat et Artisanat d&#039;art - Schweizer Holzbildhauerei Museum Brienz\" \/>\n<meta property=\"og:description\" content=\"La sculpture sur bois, qui consiste \u00e0 travailler le bois \u00e0 l&#039;aide d&#039;un millier d&#039;outils diff\u00e9rents, est un artisanat traditionnel qui fascine les personnes cr\u00e9atives depuis plusieurs si\u00e8cles dans de nombreuses r\u00e9gions du monde.\" \/>\n<meta property=\"og:url\" content=\"https:\/\/museum-holzbildhauerei.ch\/fr\/artisanat-et-artisanat-dart\/\" \/>\n<meta property=\"og:site_name\" content=\"Schweizer Holzbildhauerei Museum Brienz\" \/>\n<meta property=\"article:modified_time\" content=\"2022-12-21T14:34:52+00:00\" \/>\n<meta name=\"twitter:card\" content=\"summary_large_image\" \/>\n<meta name=\"twitter:label1\" content=\"Dur\u00e9e de lecture estim\u00e9e\" \/>\n\t<meta name=\"twitter:data1\" content=\"6 minutes\" \/>\n<script type=\"application\/ld+json\" class=\"yoast-schema-graph\">{\"@context\":\"https:\\\/\\\/schema.org\",\"@graph\":[{\"@type\":\"WebPage\",\"@id\":\"https:\\\/\\\/museum-holzbildhauerei.ch\\\/fr\\\/artisanat-et-artisanat-dart\\\/\",\"url\":\"https:\\\/\\\/museum-holzbildhauerei.ch\\\/fr\\\/artisanat-et-artisanat-dart\\\/\",\"name\":\"Artisanat et Artisanat d'art - Schweizer Holzbildhauerei Museum Brienz\",\"isPartOf\":{\"@id\":\"https:\\\/\\\/museum-holzbildhauerei.ch\\\/fr\\\/#website\"},\"datePublished\":\"2022-08-22T14:04:22+00:00\",\"dateModified\":\"2022-12-21T14:34:52+00:00\",\"description\":\"La sculpture sur bois, qui consiste \u00e0 travailler le bois \u00e0 l'aide d'un millier d'outils diff\u00e9rents, est un artisanat traditionnel qui fascine les personnes cr\u00e9atives depuis plusieurs si\u00e8cles dans de nombreuses r\u00e9gions du monde.\",\"breadcrumb\":{\"@id\":\"https:\\\/\\\/museum-holzbildhauerei.ch\\\/fr\\\/artisanat-et-artisanat-dart\\\/#breadcrumb\"},\"inLanguage\":\"fr-FR\",\"potentialAction\":[{\"@type\":\"ReadAction\",\"target\":[\"https:\\\/\\\/museum-holzbildhauerei.ch\\\/fr\\\/artisanat-et-artisanat-dart\\\/\"]}]},{\"@type\":\"BreadcrumbList\",\"@id\":\"https:\\\/\\\/museum-holzbildhauerei.ch\\\/fr\\\/artisanat-et-artisanat-dart\\\/#breadcrumb\",\"itemListElement\":[{\"@type\":\"ListItem\",\"position\":1,\"name\":\"Startseite\",\"item\":\"https:\\\/\\\/museum-holzbildhauerei.ch\\\/fr\\\/\"},{\"@type\":\"ListItem\",\"position\":2,\"name\":\"Artisanat et Artisanat d&#8217;art\"}]},{\"@type\":\"WebSite\",\"@id\":\"https:\\\/\\\/museum-holzbildhauerei.ch\\\/fr\\\/#website\",\"url\":\"https:\\\/\\\/museum-holzbildhauerei.ch\\\/fr\\\/\",\"name\":\"Schweizer Holzbildhauerei Museum Brienz\",\"description\":\"Holzschnitzerei Handwerkskunst\",\"publisher\":{\"@id\":\"https:\\\/\\\/museum-holzbildhauerei.ch\\\/fr\\\/#organization\"},\"potentialAction\":[{\"@type\":\"SearchAction\",\"target\":{\"@type\":\"EntryPoint\",\"urlTemplate\":\"https:\\\/\\\/museum-holzbildhauerei.ch\\\/fr\\\/?s={search_term_string}\"},\"query-input\":{\"@type\":\"PropertyValueSpecification\",\"valueRequired\":true,\"valueName\":\"search_term_string\"}}],\"inLanguage\":\"fr-FR\"},{\"@type\":\"Organization\",\"@id\":\"https:\\\/\\\/museum-holzbildhauerei.ch\\\/fr\\\/#organization\",\"name\":\"Schweizer Holzbildhauerei Museum Brienz\",\"url\":\"https:\\\/\\\/museum-holzbildhauerei.ch\\\/fr\\\/\",\"logo\":{\"@type\":\"ImageObject\",\"inLanguage\":\"fr-FR\",\"@id\":\"https:\\\/\\\/museum-holzbildhauerei.ch\\\/fr\\\/#\\\/schema\\\/logo\\\/image\\\/\",\"url\":\"https:\\\/\\\/museum-holzbildhauerei.ch\\\/wp-content\\\/uploads\\\/2022\\\/05\\\/museum-holzbildhauerei-schweiz-brienz-SEO.jpg\",\"contentUrl\":\"https:\\\/\\\/museum-holzbildhauerei.ch\\\/wp-content\\\/uploads\\\/2022\\\/05\\\/museum-holzbildhauerei-schweiz-brienz-SEO.jpg\",\"width\":600,\"height\":600,\"caption\":\"Schweizer Holzbildhauerei Museum Brienz\"},\"image\":{\"@id\":\"https:\\\/\\\/museum-holzbildhauerei.ch\\\/fr\\\/#\\\/schema\\\/logo\\\/image\\\/\"}}]}<\/script>\n<!-- \/ Yoast SEO plugin. -->","yoast_head_json":{"title":"Artisanat et Artisanat d'art - Schweizer Holzbildhauerei Museum Brienz","description":"La sculpture sur bois, qui consiste \u00e0 travailler le bois \u00e0 l'aide d'un millier d'outils diff\u00e9rents, est un artisanat traditionnel qui fascine les personnes cr\u00e9atives depuis plusieurs si\u00e8cles dans de nombreuses r\u00e9gions du monde.","robots":{"index":"index","follow":"follow","max-snippet":"max-snippet:-1","max-image-preview":"max-image-preview:large","max-video-preview":"max-video-preview:-1"},"canonical":"https:\/\/museum-holzbildhauerei.ch\/fr\/artisanat-et-artisanat-dart\/","og_locale":"fr_FR","og_type":"article","og_title":"Artisanat et Artisanat d'art - Schweizer Holzbildhauerei Museum Brienz","og_description":"La sculpture sur bois, qui consiste \u00e0 travailler le bois \u00e0 l'aide d'un millier d'outils diff\u00e9rents, est un artisanat traditionnel qui fascine les personnes cr\u00e9atives depuis plusieurs si\u00e8cles dans de nombreuses r\u00e9gions du monde.","og_url":"https:\/\/museum-holzbildhauerei.ch\/fr\/artisanat-et-artisanat-dart\/","og_site_name":"Schweizer Holzbildhauerei Museum Brienz","article_modified_time":"2022-12-21T14:34:52+00:00","twitter_card":"summary_large_image","twitter_misc":{"Dur\u00e9e de lecture estim\u00e9e":"6 minutes"},"schema":{"@context":"https:\/\/schema.org","@graph":[{"@type":"WebPage","@id":"https:\/\/museum-holzbildhauerei.ch\/fr\/artisanat-et-artisanat-dart\/","url":"https:\/\/museum-holzbildhauerei.ch\/fr\/artisanat-et-artisanat-dart\/","name":"Artisanat et Artisanat d'art - Schweizer Holzbildhauerei Museum Brienz","isPartOf":{"@id":"https:\/\/museum-holzbildhauerei.ch\/fr\/#website"},"datePublished":"2022-08-22T14:04:22+00:00","dateModified":"2022-12-21T14:34:52+00:00","description":"La sculpture sur bois, qui consiste \u00e0 travailler le bois \u00e0 l'aide d'un millier d'outils diff\u00e9rents, est un artisanat traditionnel qui fascine les personnes cr\u00e9atives depuis plusieurs si\u00e8cles dans de nombreuses r\u00e9gions du monde.","breadcrumb":{"@id":"https:\/\/museum-holzbildhauerei.ch\/fr\/artisanat-et-artisanat-dart\/#breadcrumb"},"inLanguage":"fr-FR","potentialAction":[{"@type":"ReadAction","target":["https:\/\/museum-holzbildhauerei.ch\/fr\/artisanat-et-artisanat-dart\/"]}]},{"@type":"BreadcrumbList","@id":"https:\/\/museum-holzbildhauerei.ch\/fr\/artisanat-et-artisanat-dart\/#breadcrumb","itemListElement":[{"@type":"ListItem","position":1,"name":"Startseite","item":"https:\/\/museum-holzbildhauerei.ch\/fr\/"},{"@type":"ListItem","position":2,"name":"Artisanat et Artisanat d&#8217;art"}]},{"@type":"WebSite","@id":"https:\/\/museum-holzbildhauerei.ch\/fr\/#website","url":"https:\/\/museum-holzbildhauerei.ch\/fr\/","name":"Schweizer Holzbildhauerei Museum Brienz","description":"Holzschnitzerei Handwerkskunst","publisher":{"@id":"https:\/\/museum-holzbildhauerei.ch\/fr\/#organization"},"potentialAction":[{"@type":"SearchAction","target":{"@type":"EntryPoint","urlTemplate":"https:\/\/museum-holzbildhauerei.ch\/fr\/?s={search_term_string}"},"query-input":{"@type":"PropertyValueSpecification","valueRequired":true,"valueName":"search_term_string"}}],"inLanguage":"fr-FR"},{"@type":"Organization","@id":"https:\/\/museum-holzbildhauerei.ch\/fr\/#organization","name":"Schweizer Holzbildhauerei Museum Brienz","url":"https:\/\/museum-holzbildhauerei.ch\/fr\/","logo":{"@type":"ImageObject","inLanguage":"fr-FR","@id":"https:\/\/museum-holzbildhauerei.ch\/fr\/#\/schema\/logo\/image\/","url":"https:\/\/museum-holzbildhauerei.ch\/wp-content\/uploads\/2022\/05\/museum-holzbildhauerei-schweiz-brienz-SEO.jpg","contentUrl":"https:\/\/museum-holzbildhauerei.ch\/wp-content\/uploads\/2022\/05\/museum-holzbildhauerei-schweiz-brienz-SEO.jpg","width":600,"height":600,"caption":"Schweizer Holzbildhauerei Museum Brienz"},"image":{"@id":"https:\/\/museum-holzbildhauerei.ch\/fr\/#\/schema\/logo\/image\/"}}]}},"_links":{"self":[{"href":"https:\/\/museum-holzbildhauerei.ch\/fr\/wp-json\/wp\/v2\/pages\/1690","targetHints":{"allow":["GET"]}}],"collection":[{"href":"https:\/\/museum-holzbildhauerei.ch\/fr\/wp-json\/wp\/v2\/pages"}],"about":[{"href":"https:\/\/museum-holzbildhauerei.ch\/fr\/wp-json\/wp\/v2\/types\/page"}],"author":[{"embeddable":true,"href":"https:\/\/museum-holzbildhauerei.ch\/fr\/wp-json\/wp\/v2\/users\/1"}],"replies":[{"embeddable":true,"href":"https:\/\/museum-holzbildhauerei.ch\/fr\/wp-json\/wp\/v2\/comments?post=1690"}],"version-history":[{"count":2,"href":"https:\/\/museum-holzbildhauerei.ch\/fr\/wp-json\/wp\/v2\/pages\/1690\/revisions"}],"predecessor-version":[{"id":1692,"href":"https:\/\/museum-holzbildhauerei.ch\/fr\/wp-json\/wp\/v2\/pages\/1690\/revisions\/1692"}],"wp:attachment":[{"href":"https:\/\/museum-holzbildhauerei.ch\/fr\/wp-json\/wp\/v2\/media?parent=1690"}],"curies":[{"name":"wp","href":"https:\/\/api.w.org\/{rel}","templated":true}]}}