{"id":1681,"date":"2022-08-22T09:02:46","date_gmt":"2022-08-22T09:02:46","guid":{"rendered":"https:\/\/museum-holzbildhauerei.ch\/?page_id=1681"},"modified":"2023-07-22T06:44:51","modified_gmt":"2023-07-22T06:44:51","slug":"experience-bois","status":"publish","type":"page","link":"https:\/\/museum-holzbildhauerei.ch\/fr\/experience-bois\/","title":{"rendered":"Exp\u00e9rience bois"},"content":{"rendered":"<div class=\"wpb-content-wrapper\"><p>[vc_row css_animation=\u00a0\u00bb\u00a0\u00bb row_type=\u00a0\u00bbrow\u00a0\u00bb use_row_as_full_screen_section=\u00a0\u00bbno\u00a0\u00bb type=\u00a0\u00bbfull_width\u00a0\u00bb angled_section=\u00a0\u00bbno\u00a0\u00bb text_align=\u00a0\u00bbleft\u00a0\u00bb background_image_as_pattern=\u00a0\u00bbwithout_pattern\u00a0\u00bb css=\u00a0\u00bb.vc_custom_1651240931188{padding-top: 3% !important;}\u00a0\u00bb z_index=\u00a0\u00bb\u00a0\u00bb][vc_column][vc_single_image image=\u00a0\u00bb1204&Prime; img_size=\u00a0\u00bbfull\u00a0\u00bb alignment=\u00a0\u00bbcenter\u00a0\u00bb qode_css_animation=\u00a0\u00bb\u00a0\u00bb qode_hover_animation=\u00a0\u00bbzoom_in\u00a0\u00bb][\/vc_column][\/vc_row][vc_row css_animation=\u00a0\u00bb\u00a0\u00bb row_type=\u00a0\u00bbrow\u00a0\u00bb use_row_as_full_screen_section=\u00a0\u00bbno\u00a0\u00bb type=\u00a0\u00bbfull_width\u00a0\u00bb angled_section=\u00a0\u00bbno\u00a0\u00bb text_align=\u00a0\u00bbleft\u00a0\u00bb background_image_as_pattern=\u00a0\u00bbwithout_pattern\u00a0\u00bb css=\u00a0\u00bb.vc_custom_1651238960930{padding-top: 4% !important;padding-left: 7% !important;}\u00a0\u00bb z_index=\u00a0\u00bb\u00a0\u00bb][vc_column][vc_single_image image=\u00a0\u00bb1068&Prime; img_size=\u00a0\u00bbfull\u00a0\u00bb qode_css_animation=\u00a0\u00bb\u00a0\u00bb css=\u00a0\u00bb.vc_custom_1661158741278{margin-left: -7% !important;}\u00a0\u00bb][vc_column_text css=\u00a0\u00bb.vc_custom_1671631457071{margin-top: -32px !important;}\u00a0\u00bb]<\/p>\n<h1>Exp\u00e9rience bois &amp; histoire de la sculpture sur bois<\/h1>\n<p>[\/vc_column_text][\/vc_column][\/vc_row][vc_row css_animation=\u00a0\u00bb\u00a0\u00bb row_type=\u00a0\u00bbrow\u00a0\u00bb use_row_as_full_screen_section=\u00a0\u00bbno\u00a0\u00bb type=\u00a0\u00bbfull_width\u00a0\u00bb angled_section=\u00a0\u00bbno\u00a0\u00bb text_align=\u00a0\u00bbleft\u00a0\u00bb background_image_as_pattern=\u00a0\u00bbwithout_pattern\u00a0\u00bb css=\u00a0\u00bb.vc_custom_1661177286319{padding-left: 7% !important;}\u00a0\u00bb z_index=\u00a0\u00bb\u00a0\u00bb][vc_column width=\u00a0\u00bb3\/4&Prime;][vc_column_text]<\/p>\n<h5>Le bois domine l&rsquo;Oberland Bernois gr\u00e2ce \u00e0 ses vastes for\u00eats. Depuis des si\u00e8cles, des peuplements forestiers sains fournissent une mati\u00e8re premi\u00e8re renouvelable fiable aux domaines d&rsquo;application les plus vari\u00e9s. Ce n&rsquo;est pas par hasard que le centre de la sculpture sur bois suisse est n\u00e9 ici, plus pr\u00e9cis\u00e9ment dans la r\u00e9gion de Brienz.<\/h5>\n<p>[\/vc_column_text][vc_empty_space height=\u00a0\u00bb10px\u00a0\u00bb][vc_column_text]<\/p>\n<h5>De nombreux bois feuillus et de conif\u00e8res se pr\u00eatent \u00e0 la sculpture, comme<strong>\u00a0. l&rsquo;\u00e9rable . le ch\u00eane . l&rsquo;orme . le peuplier . le bouleau . l&rsquo;olivier . le m\u00e9l\u00e8ze . l&rsquo;if ou particuli\u00e8rement le tilleul .<\/strong><\/h5>\n<p>[\/vc_column_text][vc_empty_space height=\u00a0\u00bb10px\u00a0\u00bb][vc_column_text]<\/p>\n<h5>Ils offrent un large choix pour les bois durs ou tendres et pour une utilisation en int\u00e9rieur ou en ext\u00e9rieur. Ils se distinguent \u00e9galement par leur couleur, leur parfum et leur veinure. Un sculpteur ou une sculptrice sur bois dispose alors d&rsquo;un large choix pour ses \u0153uvres d&rsquo;art.<\/h5>\n<p>[\/vc_column_text][vc_empty_space][vc_single_image image=\u00a0\u00bb1132&Prime; img_size=\u00a0\u00bbfull\u00a0\u00bb qode_css_animation=\u00a0\u00bb\u00a0\u00bb css=\u00a0\u00bb.vc_custom_1651570081282{margin-left: -2% !important;padding-right: 12% !important;padding-left: 12% !important;}\u00a0\u00bb][vc_column_text css=\u00a0\u00bb.vc_custom_1671631544297{margin-top: -32px !important;padding-right: 12% !important;padding-left: 12% !important;}\u00a0\u00bb]<\/p>\n<h4>Le bois &#8211; la mati\u00e8re la plus solide dans le domaine v\u00e9g\u00e9tal ?<br \/>\nLe bois &#8211; le mat\u00e9riau de construction parfait de l&rsquo;avenir ?<br \/>\nLe bois &#8211; quand un arbre devient une \u0153uvre d&rsquo;art &#8230;<br \/>\nLe bois &#8211; il r\u00e9chauffe le c\u0153ur, l&rsquo;\u00e2me et le salon<\/h4>\n<p>[\/vc_column_text][vc_empty_space height=\u00a0\u00bb16px\u00a0\u00bb][\/vc_column][vc_column width=\u00a0\u00bb1\/4&Prime;][\/vc_column][\/vc_row][vc_row css_animation=\u00a0\u00bb\u00a0\u00bb row_type=\u00a0\u00bbrow\u00a0\u00bb use_row_as_full_screen_section=\u00a0\u00bbno\u00a0\u00bb type=\u00a0\u00bbfull_width\u00a0\u00bb angled_section=\u00a0\u00bbno\u00a0\u00bb text_align=\u00a0\u00bbleft\u00a0\u00bb background_image_as_pattern=\u00a0\u00bbwithout_pattern\u00a0\u00bb][vc_column][vc_separator type=\u00a0\u00bbnormal\u00a0\u00bb thickness=\u00a0\u00bb1px\u00a0\u00bb][\/vc_column][\/vc_row][vc_row css_animation=\u00a0\u00bb\u00a0\u00bb row_type=\u00a0\u00bbrow\u00a0\u00bb use_row_as_full_screen_section=\u00a0\u00bbno\u00a0\u00bb type=\u00a0\u00bbfull_width\u00a0\u00bb angled_section=\u00a0\u00bbno\u00a0\u00bb text_align=\u00a0\u00bbleft\u00a0\u00bb background_image_as_pattern=\u00a0\u00bbwithout_pattern\u00a0\u00bb css=\u00a0\u00bb.vc_custom_1661177292794{padding-bottom: 4% !important;padding-left: 7% !important;}\u00a0\u00bb z_index=\u00a0\u00bb\u00a0\u00bb][vc_column][vc_row_inner row_type=\u00a0\u00bbrow\u00a0\u00bb type=\u00a0\u00bbfull_width\u00a0\u00bb text_align=\u00a0\u00bbleft\u00a0\u00bb css_animation=\u00a0\u00bb\u00a0\u00bb][vc_column_inner width=\u00a0\u00bb1\/3&Prime;][vc_empty_space][vc_single_image image=\u00a0\u00bb1208&Prime; img_size=\u00a0\u00bbfull\u00a0\u00bb alignment=\u00a0\u00bbcenter\u00a0\u00bb qode_css_animation=\u00a0\u00bb\u00a0\u00bb qode_hover_animation=\u00a0\u00bbzoom_in\u00a0\u00bb][vc_empty_space][vc_column_text]<\/p>\n<h4>Sculpture sur bois Suisse &#8211; Une tradition s\u00e9culaire<\/h4>\n<p>Les plus anciennes sculptures sur bois dat\u00e9es remontent aux ann\u00e9es 506 et 915 apr\u00e8s J.-C.. De nombreuses \u0153uvres bien conserv\u00e9es, pour la plupart en bois de ch\u00eane, datent du d\u00e9but et de la fin de l&rsquo;\u00e9poque gothique et ornent encore aujourd&rsquo;hui les cath\u00e9drales et les \u00e9glises. Ils sont ainsi marqu\u00e9s par des motifs religieux.\u00a0Avec la Renaissance, les objets mobiliers ont commenc\u00e9 \u00e0 se multiplier et les pi\u00e8ces ont \u00e9t\u00e9 d\u00e9cor\u00e9es de lambris richement sculpt\u00e9s. Peu \u00e0 peu, des meubles, des sculptures de construction ainsi que des figures et des sculptures en bois sont apparus.[\/vc_column_text][vc_empty_space height=\u00a0\u00bb8px\u00a0\u00bb][vc_column_text]C&rsquo;est \u00e0 l&rsquo;\u00e9poque du baroque et du rococo que la sculpture sur bois a connu son plus grand d\u00e9veloppement et qu&rsquo;elle est attest\u00e9e dans toute la r\u00e9gion alpine. Elle a contribu\u00e9 \u00e0 fa\u00e7onner les diff\u00e9rents courants de la mode internationale et se pr\u00e9sente aujourd&rsquo;hui sous les facettes les plus diverses.[\/vc_column_text][vc_empty_space height=\u00a0\u00bb8px\u00a0\u00bb]<a  itemprop=\"url\" href=\"https:\/\/museum-holzbildhauerei.ch\/wp-content\/uploads\/2023\/07\/Schweizer-holzbildhauerei-museum-brienz-schweiz-geschichte_F_210723.pdf\" target=\"_blank\"  class=\"qbutton  default\" style=\"\">en sasvoir plus<\/a>[vc_empty_space][\/vc_column_inner][vc_column_inner width=\u00a0\u00bb1\/3&Prime;][vc_empty_space][vc_single_image image=\u00a0\u00bb1206&Prime; img_size=\u00a0\u00bbfull\u00a0\u00bb alignment=\u00a0\u00bbcenter\u00a0\u00bb qode_css_animation=\u00a0\u00bb\u00a0\u00bb qode_hover_animation=\u00a0\u00bbzoom_in\u00a0\u00bb][vc_empty_space][vc_column_text]<\/p>\n<h4>La sculpture sur bois dans l&rsquo;Oberland Bernois<\/h4>\n<p>La sculpture sur bois est particuli\u00e8rement enracin\u00e9e dans l&rsquo;Oberland Bernois. On le voit bien dans les maisons, les salons et les objets usuels. Souvent, ces derniers ont \u00e9t\u00e9 cr\u00e9\u00e9s par des bergers et des vachers. Il a fallu encore des d\u00e9cennies pour que les paysans de l&rsquo;Oberland passent de la sculpture pour leur propre usage et pour passer le temps \u00e0 la sculpture en tant d&rsquo;artisanat d&rsquo;art.[\/vc_column_text][vc_empty_space height=\u00a0\u00bb8px\u00a0\u00bb][vc_column_text]En tant que centre de la sculpture sur bois, Brienz assumait \u00e9galement sa responsabilit\u00e9, le d\u00e9bat sur les efforts de qualit\u00e9, constamment remis en question par la production de masse routini\u00e8re et bon march\u00e9 de l&rsquo;industrie du souvenir. Cette tension mena\u00e7ait le d\u00e9veloppement qualitatif de l&rsquo;artisanat, qui d\u00e9pendait d&rsquo;artisans et d&rsquo;artistes talentueux et innovants.[\/vc_column_text][vc_empty_space height=\u00a0\u00bb8px\u00a0\u00bb]<a  itemprop=\"url\" href=\"https:\/\/museum-holzbildhauerei.ch\/wp-content\/uploads\/2022\/09\/Museum_Holzbildhauerei_Brienz-GeschichteHolzbildhauerei_260922.pdf\" target=\"_blank\"  class=\"qbutton  default\" style=\"\">Histoire de la sculpture sur bois<\/a>[vc_empty_space][\/vc_column_inner][vc_column_inner width=\u00a0\u00bb1\/3&Prime;][vc_empty_space][vc_single_image image=\u00a0\u00bb1210&Prime; img_size=\u00a0\u00bbfull\u00a0\u00bb alignment=\u00a0\u00bbcenter\u00a0\u00bb qode_css_animation=\u00a0\u00bb\u00a0\u00bb qode_hover_animation=\u00a0\u00bbzoom_in\u00a0\u00bb][vc_empty_space][vc_column_text]<\/p>\n<h4>Aujourd&rsquo;hui et L&rsquo;\u00c9cole de la Sculpture sur Bois de Brienz<\/h4>\n<p>La fondation en 1884 de l&rsquo;\u00c9cole Schnitzler, aujourd&rsquo;hui la seule \u00e9cole de la sculpture sur bois de Suisse, a \u00e9t\u00e9 d&rsquo;une importance capitale. En tant que centre artistique, elle ne se contente pas de transmettre aux futurs sculpteurs sur bois les bases artisanales et artistiques, mais joue \u00e9galement un r\u00f4le important dans la transmission et le d\u00e9veloppement des tendances nationales et internationales des m\u00e9tiers d&rsquo;art. Les ma\u00eetres \u00e9minents de l&rsquo;\u00e9cole ont jou\u00e9 et continuent de jouer un r\u00f4le d\u00e9terminant dans l&rsquo;\u00e9volution des styles de l&rsquo;artisanat d&rsquo;art suisse.[\/vc_column_text][vc_empty_space height=\u00a0\u00bb8px\u00a0\u00bb]<a  itemprop=\"url\" href=\"https:\/\/holzbildhauerei.ch\" target=\"_blank\"  class=\"qbutton  default\" style=\"\">En savoir plus sur l'\u00e9cole<\/a>[vc_empty_space][\/vc_column_inner][\/vc_row_inner][\/vc_column][\/vc_row]<\/p>\n<\/div>","protected":false},"excerpt":{"rendered":"<p>[vc_row css_animation=\u00a0\u00bb\u00a0\u00bb row_type=\u00a0\u00bbrow\u00a0\u00bb use_row_as_full_screen_section=\u00a0\u00bbno\u00a0\u00bb type=\u00a0\u00bbfull_width\u00a0\u00bb angled_section=\u00a0\u00bbno\u00a0\u00bb text_align=\u00a0\u00bbleft\u00a0\u00bb background_image_as_pattern=\u00a0\u00bbwithout_pattern\u00a0\u00bb css=\u00a0\u00bb.vc_custom_1651240931188{padding-top: 3% !important;}\u00a0\u00bb z_index=\u00a0\u00bb\u00a0\u00bb][vc_column][vc_single_image image=\u00a0\u00bb1204&Prime; img_size=\u00a0\u00bbfull\u00a0\u00bb alignment=\u00a0\u00bbcenter\u00a0\u00bb qode_css_animation=\u00a0\u00bb\u00a0\u00bb qode_hover_animation=\u00a0\u00bbzoom_in\u00a0\u00bb][\/vc_column][\/vc_row][vc_row css_animation=\u00a0\u00bb\u00a0\u00bb row_type=\u00a0\u00bbrow\u00a0\u00bb use_row_as_full_screen_section=\u00a0\u00bbno\u00a0\u00bb type=\u00a0\u00bbfull_width\u00a0\u00bb angled_section=\u00a0\u00bbno\u00a0\u00bb text_align=\u00a0\u00bbleft\u00a0\u00bb background_image_as_pattern=\u00a0\u00bbwithout_pattern\u00a0\u00bb css=\u00a0\u00bb.vc_custom_1651238960930{padding-top: 4% !important;padding-left: 7% !important;}\u00a0\u00bb z_index=\u00a0\u00bb\u00a0\u00bb][vc_column][vc_single_image image=\u00a0\u00bb1068&Prime; img_size=\u00a0\u00bbfull\u00a0\u00bb qode_css_animation=\u00a0\u00bb\u00a0\u00bb css=\u00a0\u00bb.vc_custom_1661158741278{margin-left: -7% !important;}\u00a0\u00bb][vc_column_text css=\u00a0\u00bb.vc_custom_1671631457071{margin-top: -32px !important;}\u00a0\u00bb] Exp\u00e9rience bois &amp; histoire de la sculpture sur bois [\/vc_column_text][\/vc_column][\/vc_row][vc_row css_animation=\u00a0\u00bb\u00a0\u00bb row_type=\u00a0\u00bbrow\u00a0\u00bb use_row_as_full_screen_section=\u00a0\u00bbno\u00a0\u00bb type=\u00a0\u00bbfull_width\u00a0\u00bb angled_section=\u00a0\u00bbno\u00a0\u00bb text_align=\u00a0\u00bbleft\u00a0\u00bb background_image_as_pattern=\u00a0\u00bbwithout_pattern\u00a0\u00bb css=\u00a0\u00bb.vc_custom_1661177286319{padding-left: 7% !important;}\u00a0\u00bb z_index=\u00a0\u00bb\u00a0\u00bb][vc_column width=\u00a0\u00bb3\/4&Prime;][vc_column_text] Le bois domine l&rsquo;Oberland Bernois gr\u00e2ce \u00e0 ses vastes for\u00eats. Depuis des si\u00e8cles, des peuplements forestiers sains fournissent une mati\u00e8re premi\u00e8re renouvelable fiable aux domaines d&rsquo;application les plus vari\u00e9s&#8230;.<\/p>\n","protected":false},"author":1,"featured_media":0,"parent":0,"menu_order":0,"comment_status":"closed","ping_status":"closed","template":"full_width.php","meta":{"footnotes":""},"class_list":["post-1681","page","type-page","status-publish","hentry"],"yoast_head":"<!-- This site is optimized with the Yoast SEO plugin v26.7 - https:\/\/yoast.com\/wordpress\/plugins\/seo\/ -->\n<title>Exp\u00e9rience bois - Schweizer Holzbildhauerei Museum Brienz<\/title>\n<meta name=\"description\" content=\"Le bois domine l&#039;Oberland Bernois gr\u00e2ce \u00e0 ses vastes for\u00eats. Depuis des si\u00e8cles, des peuplements forestiers sains fournissent une mati\u00e8re premi\u00e8re renouvelable fiable aux domaines d&#039;application les plus vari\u00e9s.\" \/>\n<meta name=\"robots\" content=\"index, follow, max-snippet:-1, max-image-preview:large, max-video-preview:-1\" \/>\n<link rel=\"canonical\" href=\"https:\/\/museum-holzbildhauerei.ch\/fr\/experience-bois\/\" \/>\n<meta property=\"og:locale\" content=\"fr_FR\" \/>\n<meta property=\"og:type\" content=\"article\" \/>\n<meta property=\"og:title\" content=\"Exp\u00e9rience bois - Schweizer Holzbildhauerei Museum Brienz\" \/>\n<meta property=\"og:description\" content=\"Le bois domine l&#039;Oberland Bernois gr\u00e2ce \u00e0 ses vastes for\u00eats. Depuis des si\u00e8cles, des peuplements forestiers sains fournissent une mati\u00e8re premi\u00e8re renouvelable fiable aux domaines d&#039;application les plus vari\u00e9s.\" \/>\n<meta property=\"og:url\" content=\"https:\/\/museum-holzbildhauerei.ch\/fr\/experience-bois\/\" \/>\n<meta property=\"og:site_name\" content=\"Schweizer Holzbildhauerei Museum Brienz\" \/>\n<meta property=\"article:modified_time\" content=\"2023-07-22T06:44:51+00:00\" \/>\n<meta name=\"twitter:card\" content=\"summary_large_image\" \/>\n<meta name=\"twitter:label1\" content=\"Dur\u00e9e de lecture estim\u00e9e\" \/>\n\t<meta name=\"twitter:data1\" content=\"4 minutes\" \/>\n<script type=\"application\/ld+json\" class=\"yoast-schema-graph\">{\"@context\":\"https:\/\/schema.org\",\"@graph\":[{\"@type\":\"WebPage\",\"@id\":\"https:\/\/museum-holzbildhauerei.ch\/fr\/experience-bois\/\",\"url\":\"https:\/\/museum-holzbildhauerei.ch\/fr\/experience-bois\/\",\"name\":\"Exp\u00e9rience bois - Schweizer Holzbildhauerei Museum Brienz\",\"isPartOf\":{\"@id\":\"https:\/\/museum-holzbildhauerei.ch\/fr\/#website\"},\"datePublished\":\"2022-08-22T09:02:46+00:00\",\"dateModified\":\"2023-07-22T06:44:51+00:00\",\"description\":\"Le bois domine l'Oberland Bernois gr\u00e2ce \u00e0 ses vastes for\u00eats. Depuis des si\u00e8cles, des peuplements forestiers sains fournissent une mati\u00e8re premi\u00e8re renouvelable fiable aux domaines d'application les plus vari\u00e9s.\",\"breadcrumb\":{\"@id\":\"https:\/\/museum-holzbildhauerei.ch\/fr\/experience-bois\/#breadcrumb\"},\"inLanguage\":\"fr-FR\",\"potentialAction\":[{\"@type\":\"ReadAction\",\"target\":[\"https:\/\/museum-holzbildhauerei.ch\/fr\/experience-bois\/\"]}]},{\"@type\":\"BreadcrumbList\",\"@id\":\"https:\/\/museum-holzbildhauerei.ch\/fr\/experience-bois\/#breadcrumb\",\"itemListElement\":[{\"@type\":\"ListItem\",\"position\":1,\"name\":\"Startseite\",\"item\":\"https:\/\/museum-holzbildhauerei.ch\/fr\/\"},{\"@type\":\"ListItem\",\"position\":2,\"name\":\"Exp\u00e9rience bois\"}]},{\"@type\":\"WebSite\",\"@id\":\"https:\/\/museum-holzbildhauerei.ch\/fr\/#website\",\"url\":\"https:\/\/museum-holzbildhauerei.ch\/fr\/\",\"name\":\"Schweizer Holzbildhauerei Museum Brienz\",\"description\":\"Holzschnitzerei Handwerkskunst\",\"publisher\":{\"@id\":\"https:\/\/museum-holzbildhauerei.ch\/fr\/#organization\"},\"potentialAction\":[{\"@type\":\"SearchAction\",\"target\":{\"@type\":\"EntryPoint\",\"urlTemplate\":\"https:\/\/museum-holzbildhauerei.ch\/fr\/?s={search_term_string}\"},\"query-input\":{\"@type\":\"PropertyValueSpecification\",\"valueRequired\":true,\"valueName\":\"search_term_string\"}}],\"inLanguage\":\"fr-FR\"},{\"@type\":\"Organization\",\"@id\":\"https:\/\/museum-holzbildhauerei.ch\/fr\/#organization\",\"name\":\"Schweizer Holzbildhauerei Museum Brienz\",\"url\":\"https:\/\/museum-holzbildhauerei.ch\/fr\/\",\"logo\":{\"@type\":\"ImageObject\",\"inLanguage\":\"fr-FR\",\"@id\":\"https:\/\/museum-holzbildhauerei.ch\/fr\/#\/schema\/logo\/image\/\",\"url\":\"https:\/\/museum-holzbildhauerei.ch\/wp-content\/uploads\/2022\/05\/museum-holzbildhauerei-schweiz-brienz-SEO.jpg\",\"contentUrl\":\"https:\/\/museum-holzbildhauerei.ch\/wp-content\/uploads\/2022\/05\/museum-holzbildhauerei-schweiz-brienz-SEO.jpg\",\"width\":600,\"height\":600,\"caption\":\"Schweizer Holzbildhauerei Museum Brienz\"},\"image\":{\"@id\":\"https:\/\/museum-holzbildhauerei.ch\/fr\/#\/schema\/logo\/image\/\"}}]}<\/script>\n<!-- \/ Yoast SEO plugin. -->","yoast_head_json":{"title":"Exp\u00e9rience bois - Schweizer Holzbildhauerei Museum Brienz","description":"Le bois domine l'Oberland Bernois gr\u00e2ce \u00e0 ses vastes for\u00eats. Depuis des si\u00e8cles, des peuplements forestiers sains fournissent une mati\u00e8re premi\u00e8re renouvelable fiable aux domaines d'application les plus vari\u00e9s.","robots":{"index":"index","follow":"follow","max-snippet":"max-snippet:-1","max-image-preview":"max-image-preview:large","max-video-preview":"max-video-preview:-1"},"canonical":"https:\/\/museum-holzbildhauerei.ch\/fr\/experience-bois\/","og_locale":"fr_FR","og_type":"article","og_title":"Exp\u00e9rience bois - Schweizer Holzbildhauerei Museum Brienz","og_description":"Le bois domine l'Oberland Bernois gr\u00e2ce \u00e0 ses vastes for\u00eats. Depuis des si\u00e8cles, des peuplements forestiers sains fournissent une mati\u00e8re premi\u00e8re renouvelable fiable aux domaines d'application les plus vari\u00e9s.","og_url":"https:\/\/museum-holzbildhauerei.ch\/fr\/experience-bois\/","og_site_name":"Schweizer Holzbildhauerei Museum Brienz","article_modified_time":"2023-07-22T06:44:51+00:00","twitter_card":"summary_large_image","twitter_misc":{"Dur\u00e9e de lecture estim\u00e9e":"4 minutes"},"schema":{"@context":"https:\/\/schema.org","@graph":[{"@type":"WebPage","@id":"https:\/\/museum-holzbildhauerei.ch\/fr\/experience-bois\/","url":"https:\/\/museum-holzbildhauerei.ch\/fr\/experience-bois\/","name":"Exp\u00e9rience bois - Schweizer Holzbildhauerei Museum Brienz","isPartOf":{"@id":"https:\/\/museum-holzbildhauerei.ch\/fr\/#website"},"datePublished":"2022-08-22T09:02:46+00:00","dateModified":"2023-07-22T06:44:51+00:00","description":"Le bois domine l'Oberland Bernois gr\u00e2ce \u00e0 ses vastes for\u00eats. Depuis des si\u00e8cles, des peuplements forestiers sains fournissent une mati\u00e8re premi\u00e8re renouvelable fiable aux domaines d'application les plus vari\u00e9s.","breadcrumb":{"@id":"https:\/\/museum-holzbildhauerei.ch\/fr\/experience-bois\/#breadcrumb"},"inLanguage":"fr-FR","potentialAction":[{"@type":"ReadAction","target":["https:\/\/museum-holzbildhauerei.ch\/fr\/experience-bois\/"]}]},{"@type":"BreadcrumbList","@id":"https:\/\/museum-holzbildhauerei.ch\/fr\/experience-bois\/#breadcrumb","itemListElement":[{"@type":"ListItem","position":1,"name":"Startseite","item":"https:\/\/museum-holzbildhauerei.ch\/fr\/"},{"@type":"ListItem","position":2,"name":"Exp\u00e9rience bois"}]},{"@type":"WebSite","@id":"https:\/\/museum-holzbildhauerei.ch\/fr\/#website","url":"https:\/\/museum-holzbildhauerei.ch\/fr\/","name":"Schweizer Holzbildhauerei Museum Brienz","description":"Holzschnitzerei Handwerkskunst","publisher":{"@id":"https:\/\/museum-holzbildhauerei.ch\/fr\/#organization"},"potentialAction":[{"@type":"SearchAction","target":{"@type":"EntryPoint","urlTemplate":"https:\/\/museum-holzbildhauerei.ch\/fr\/?s={search_term_string}"},"query-input":{"@type":"PropertyValueSpecification","valueRequired":true,"valueName":"search_term_string"}}],"inLanguage":"fr-FR"},{"@type":"Organization","@id":"https:\/\/museum-holzbildhauerei.ch\/fr\/#organization","name":"Schweizer Holzbildhauerei Museum Brienz","url":"https:\/\/museum-holzbildhauerei.ch\/fr\/","logo":{"@type":"ImageObject","inLanguage":"fr-FR","@id":"https:\/\/museum-holzbildhauerei.ch\/fr\/#\/schema\/logo\/image\/","url":"https:\/\/museum-holzbildhauerei.ch\/wp-content\/uploads\/2022\/05\/museum-holzbildhauerei-schweiz-brienz-SEO.jpg","contentUrl":"https:\/\/museum-holzbildhauerei.ch\/wp-content\/uploads\/2022\/05\/museum-holzbildhauerei-schweiz-brienz-SEO.jpg","width":600,"height":600,"caption":"Schweizer Holzbildhauerei Museum Brienz"},"image":{"@id":"https:\/\/museum-holzbildhauerei.ch\/fr\/#\/schema\/logo\/image\/"}}]}},"_links":{"self":[{"href":"https:\/\/museum-holzbildhauerei.ch\/fr\/wp-json\/wp\/v2\/pages\/1681","targetHints":{"allow":["GET"]}}],"collection":[{"href":"https:\/\/museum-holzbildhauerei.ch\/fr\/wp-json\/wp\/v2\/pages"}],"about":[{"href":"https:\/\/museum-holzbildhauerei.ch\/fr\/wp-json\/wp\/v2\/types\/page"}],"author":[{"embeddable":true,"href":"https:\/\/museum-holzbildhauerei.ch\/fr\/wp-json\/wp\/v2\/users\/1"}],"replies":[{"embeddable":true,"href":"https:\/\/museum-holzbildhauerei.ch\/fr\/wp-json\/wp\/v2\/comments?post=1681"}],"version-history":[{"count":3,"href":"https:\/\/museum-holzbildhauerei.ch\/fr\/wp-json\/wp\/v2\/pages\/1681\/revisions"}],"predecessor-version":[{"id":2336,"href":"https:\/\/museum-holzbildhauerei.ch\/fr\/wp-json\/wp\/v2\/pages\/1681\/revisions\/2336"}],"wp:attachment":[{"href":"https:\/\/museum-holzbildhauerei.ch\/fr\/wp-json\/wp\/v2\/media?parent=1681"}],"curies":[{"name":"wp","href":"https:\/\/api.w.org\/{rel}","templated":true}]}}