{"id":1675,"date":"2022-05-02T11:49:56","date_gmt":"2022-05-02T11:49:56","guid":{"rendered":"https:\/\/museum-holzbildhauerei.ch\/?page_id=1675"},"modified":"2022-12-23T08:50:04","modified_gmt":"2022-12-23T08:50:04","slug":"exposition-permanente","status":"publish","type":"page","link":"https:\/\/museum-holzbildhauerei.ch\/fr\/exposition-permanente\/","title":{"rendered":"Exposition permanente"},"content":{"rendered":"<div class=\"wpb-content-wrapper\"><p>[vc_row css_animation=\u00a0\u00bb\u00a0\u00bb row_type=\u00a0\u00bbrow\u00a0\u00bb use_row_as_full_screen_section=\u00a0\u00bbno\u00a0\u00bb type=\u00a0\u00bbfull_width\u00a0\u00bb angled_section=\u00a0\u00bbno\u00a0\u00bb text_align=\u00a0\u00bbleft\u00a0\u00bb background_image_as_pattern=\u00a0\u00bbwithout_pattern\u00a0\u00bb css=\u00a0\u00bb.vc_custom_1651493946105{padding-top: 3% !important;padding-right: 9% !important;padding-left: 9% !important;}\u00a0\u00bb z_index=\u00a0\u00bb\u00a0\u00bb][vc_column]<div class=\"qode-advanced-image-gallery  qode-aig-slider-type qode-large-space   \">\n\t<div class=\"qode-aig-slider qode-owl-slider\" data-number-of-items=\"1\" data-enable-loop=\"yes\" data-enable-autoplay=\"yes\" data-slider-speed=\"5000\" data-slider-speed-animation=\"600\" data-slider-padding=\"no\" data-enable-navigation=\"yes\" data-enable-pagination=\"yes\">\n\t\t\t\t\t<div class=\"qode-aig-image\">\n\t\t\t\t\t\t\t\t\t<img loading=\"lazy\" decoding=\"async\" src=\"https:\/\/museum-holzbildhauerei.ch\/wp-content\/uploads\/2022\/05\/Schweizer-holzbilhauerei-museum-brienz-banner-26-1750x500.jpg\" alt=\"\" width=\"1750\" height=\"500\" \/>\t\t\t\t\t<span class=\"aig-gallery-hover\">\n\t\t\t\t\t\t\t\t\t\t\t<\/span>\n\t\t\t\t\t\t\t<\/div>\n\t\t\t\t\t\t\t\t<div class=\"qode-aig-image\">\n\t\t\t\t\t\t\t\t\t<img loading=\"lazy\" decoding=\"async\" src=\"https:\/\/museum-holzbildhauerei.ch\/wp-content\/uploads\/2022\/05\/Schweizer-holzbilhauerei-museum-brienz-banner-21-1750x500.jpg\" alt=\"\" width=\"1750\" height=\"500\" \/>\t\t\t\t\t<span class=\"aig-gallery-hover\">\n\t\t\t\t\t\t\t\t\t\t\t<\/span>\n\t\t\t\t\t\t\t<\/div>\n\t\t\t\t\t\t\t\t<div class=\"qode-aig-image\">\n\t\t\t\t\t\t\t\t\t<img loading=\"lazy\" decoding=\"async\" src=\"https:\/\/museum-holzbildhauerei.ch\/wp-content\/uploads\/2022\/05\/Schweizer-holzbilhauerei-museum-brienz-banner-27-1750x500.jpg\" alt=\"\" width=\"1750\" height=\"500\" \/>\t\t\t\t\t<span class=\"aig-gallery-hover\">\n\t\t\t\t\t\t\t\t\t\t\t<\/span>\n\t\t\t\t\t\t\t<\/div>\n\t\t\t\t\t\t\t\t<div class=\"qode-aig-image\">\n\t\t\t\t\t\t\t\t\t<img loading=\"lazy\" decoding=\"async\" src=\"https:\/\/museum-holzbildhauerei.ch\/wp-content\/uploads\/2022\/05\/Schweizer-holzbilhauerei-museum-brienz-banner-12-1750x500.jpg\" alt=\"\" width=\"1750\" height=\"500\" \/>\t\t\t\t\t<span class=\"aig-gallery-hover\">\n\t\t\t\t\t\t\t\t\t\t\t<\/span>\n\t\t\t\t\t\t\t<\/div>\n\t\t\t\t\t\t\t\t<div class=\"qode-aig-image\">\n\t\t\t\t\t\t\t\t\t<img loading=\"lazy\" decoding=\"async\" src=\"https:\/\/museum-holzbildhauerei.ch\/wp-content\/uploads\/2022\/05\/Schweizer-holzbilhauerei-museum-brienz-banner-22-1750x500.jpg\" alt=\"\" width=\"1750\" height=\"500\" \/>\t\t\t\t\t<span class=\"aig-gallery-hover\">\n\t\t\t\t\t\t\t\t\t\t\t<\/span>\n\t\t\t\t\t\t\t<\/div>\n\t\t\t\t\t\t\t\t<div class=\"qode-aig-image\">\n\t\t\t\t\t\t\t\t\t<img loading=\"lazy\" decoding=\"async\" src=\"https:\/\/museum-holzbildhauerei.ch\/wp-content\/uploads\/2022\/05\/Schweizer-holzbilhauerei-museum-brienz-banner-15-1750x500.jpg\" alt=\"\" width=\"1750\" height=\"500\" \/>\t\t\t\t\t<span class=\"aig-gallery-hover\">\n\t\t\t\t\t\t\t\t\t\t\t<\/span>\n\t\t\t\t\t\t\t<\/div>\n\t\t\t\t\t\t\t\t<div class=\"qode-aig-image\">\n\t\t\t\t\t\t\t\t\t<img loading=\"lazy\" decoding=\"async\" src=\"https:\/\/museum-holzbildhauerei.ch\/wp-content\/uploads\/2022\/05\/Schweizer-holzbilhauerei-museum-brienz-banner-23-1750x500.jpg\" alt=\"\" width=\"1750\" height=\"500\" \/>\t\t\t\t\t<span class=\"aig-gallery-hover\">\n\t\t\t\t\t\t\t\t\t\t\t<\/span>\n\t\t\t\t\t\t\t<\/div>\n\t\t\t\t\t\t<\/div>\n<\/div>[\/vc_column][\/vc_row][vc_row css_animation=\u00a0\u00bb\u00a0\u00bb row_type=\u00a0\u00bbrow\u00a0\u00bb use_row_as_full_screen_section=\u00a0\u00bbno\u00a0\u00bb type=\u00a0\u00bbfull_width\u00a0\u00bb angled_section=\u00a0\u00bbno\u00a0\u00bb text_align=\u00a0\u00bbleft\u00a0\u00bb background_image_as_pattern=\u00a0\u00bbwithout_pattern\u00a0\u00bb css=\u00a0\u00bb.vc_custom_1651238960930{padding-top: 4% !important;padding-left: 7% !important;}\u00a0\u00bb z_index=\u00a0\u00bb\u00a0\u00bb][vc_column][vc_single_image image=\u00a0\u00bb1102&Prime; img_size=\u00a0\u00bbfull\u00a0\u00bb qode_css_animation=\u00a0\u00bb\u00a0\u00bb css=\u00a0\u00bb.vc_custom_1651493138969{margin-left: -7% !important;}\u00a0\u00bb][vc_column_text css=\u00a0\u00bb.vc_custom_1671618751338{margin-top: -32px !important;}\u00a0\u00bb]<\/p>\n<h1>Exposition permanente<\/h1>\n<p>[\/vc_column_text][\/vc_column][\/vc_row][vc_row css_animation=\u00a0\u00bb\u00a0\u00bb row_type=\u00a0\u00bbrow\u00a0\u00bb use_row_as_full_screen_section=\u00a0\u00bbno\u00a0\u00bb type=\u00a0\u00bbfull_width\u00a0\u00bb angled_section=\u00a0\u00bbno\u00a0\u00bb text_align=\u00a0\u00bbleft\u00a0\u00bb background_image_as_pattern=\u00a0\u00bbwithout_pattern\u00a0\u00bb css=\u00a0\u00bb.vc_custom_1651238917074{padding-bottom: 4% !important;padding-left: 7% !important;}\u00a0\u00bb z_index=\u00a0\u00bb\u00a0\u00bb][vc_column width=\u00a0\u00bb2\/3&Prime;][vc_row_inner row_type=\u00a0\u00bbrow\u00a0\u00bb type=\u00a0\u00bbfull_width\u00a0\u00bb text_align=\u00a0\u00bbleft\u00a0\u00bb css_animation=\u00a0\u00bb\u00a0\u00bb][vc_column_inner][vc_column_text]<\/p>\n<h5>L&rsquo;exposition permanente est consacr\u00e9e \u00e0 la grande diversit\u00e9 des travaux de sculpture sur bois traditionnels et artistiquement significatifs de la r\u00e9gion. Elle montre la grande importance de Brienz en tant que centre national de cet artisanat.<\/h5>\n<h5>Attendez-vous \u00e0:<\/h5>\n<p>[\/vc_column_text][\/vc_column_inner][\/vc_row_inner][\/vc_column][vc_column width=\u00a0\u00bb1\/3&Prime;][\/vc_column][\/vc_row][vc_row css_animation=\u00a0\u00bb\u00a0\u00bb row_type=\u00a0\u00bbrow\u00a0\u00bb use_row_as_full_screen_section=\u00a0\u00bbno\u00a0\u00bb type=\u00a0\u00bbfull_width\u00a0\u00bb angled_section=\u00a0\u00bbno\u00a0\u00bb text_align=\u00a0\u00bbleft\u00a0\u00bb background_image_as_pattern=\u00a0\u00bbwithout_pattern\u00a0\u00bb][vc_column][vc_separator type=\u00a0\u00bbnormal\u00a0\u00bb thickness=\u00a0\u00bb1px\u00a0\u00bb][\/vc_column][\/vc_row][vc_row css_animation=\u00a0\u00bb\u00a0\u00bb row_type=\u00a0\u00bbrow\u00a0\u00bb use_row_as_full_screen_section=\u00a0\u00bbno\u00a0\u00bb type=\u00a0\u00bbfull_width\u00a0\u00bb angled_section=\u00a0\u00bbno\u00a0\u00bb text_align=\u00a0\u00bbleft\u00a0\u00bb background_image_as_pattern=\u00a0\u00bbwithout_pattern\u00a0\u00bb css=\u00a0\u00bb.vc_custom_1651828817262{padding-top: 4% !important;padding-left: 7% !important;}\u00a0\u00bb z_index=\u00a0\u00bb\u00a0\u00bb][vc_column][vc_row_inner row_type=\u00a0\u00bbrow\u00a0\u00bb type=\u00a0\u00bbfull_width\u00a0\u00bb text_align=\u00a0\u00bbleft\u00a0\u00bb css_animation=\u00a0\u00bb\u00a0\u00bb][vc_column_inner width=\u00a0\u00bb1\/3&Prime;][vc_empty_space][vc_single_image image=\u00a0\u00bb1170&Prime; img_size=\u00a0\u00bbfull\u00a0\u00bb alignment=\u00a0\u00bbcenter\u00a0\u00bb qode_css_animation=\u00a0\u00bb\u00a0\u00bb qode_hover_animation=\u00a0\u00bbzoom_in\u00a0\u00bb][vc_empty_space][vc_column_text]<\/p>\n<h4>Sculpture sur bois de la r\u00e9gion<\/h4>\n<p>Le circuit donne un tr\u00e8s bel aper\u00e7u avec une large palette de la sculpture sur bois de Brienz et de l&rsquo;Oberland Bernois. L&rsquo;exposition actuelle est consacr\u00e9e \u00e0 diff\u00e9rentes \u00e9poques et sous-domaines ainsi qu&rsquo;\u00e0 un grand nombre d&rsquo;artistes exceptionnels.[\/vc_column_text][vc_empty_space][\/vc_column_inner][vc_column_inner width=\u00a0\u00bb1\/3&Prime;][vc_empty_space][vc_single_image image=\u00a0\u00bb1172&Prime; img_size=\u00a0\u00bbfull\u00a0\u00bb alignment=\u00a0\u00bbcenter\u00a0\u00bb qode_css_animation=\u00a0\u00bb\u00a0\u00bb qode_hover_animation=\u00a0\u00bbzoom_in\u00a0\u00bb][vc_empty_space][vc_column_text]<\/p>\n<h4>Les sculptures et reliefs de chefs-d\u2019oeuvre<\/h4>\n<p>Y sont repr\u00e9sent\u00e9es des sculptures individuelles et parfois des groupes complexes d&rsquo;hommes et d&rsquo;animaux, ainsi que des reliefs sc\u00e9niques, figuratifs et ornementaux \u00e0 diff\u00e9rents degr\u00e9s d&rsquo;approfondissement.\u00a0Dans ces cat\u00e9gories, les chefs-d&rsquo;\u0153uvre exceptionnels, pr\u00e9sent\u00e9s lors d&rsquo;expositions nationales et \u00e9trang\u00e8res et couronn\u00e9s de prix, rev\u00eatent une importance particuli\u00e8re.\u00a0Il s&rsquo;agit notamment de: int\u00e9rieurs fixes, meubles et objets d&rsquo;am\u00e9nagement, petits objets, souvenirs,\u00a0jouets en bois, figurines de cr\u00e8che, mod\u00e8les de construction, d\u00e9corations de construction, panneaux indicateurs, plaques d&rsquo;\u00e9criture et d&rsquo;armoiries, insignes, mod\u00e8les didactiques.[\/vc_column_text][vc_empty_space][\/vc_column_inner][vc_column_inner width=\u00a0\u00bb1\/3&Prime;][vc_empty_space][vc_single_image image=\u00a0\u00bb1180&Prime; img_size=\u00a0\u00bbfull\u00a0\u00bb alignment=\u00a0\u00bbcenter\u00a0\u00bb qode_css_animation=\u00a0\u00bb\u00a0\u00bb qode_hover_animation=\u00a0\u00bbzoom_in\u00a0\u00bb][vc_empty_space][vc_column_text]<\/p>\n<h4>Dessins et mod\u00e8les<\/h4>\n<p>Les \u00e9bauches et les mod\u00e8les constituent deux autres points forts. De nombreux dessins et mod\u00e8les originaux renseignent sur le grand potentiel cr\u00e9atif des anciens ma\u00eetres.[\/vc_column_text][\/vc_column_inner][\/vc_row_inner][\/vc_column][\/vc_row][vc_row css_animation=\u00a0\u00bb\u00a0\u00bb row_type=\u00a0\u00bbrow\u00a0\u00bb use_row_as_full_screen_section=\u00a0\u00bbno\u00a0\u00bb type=\u00a0\u00bbfull_width\u00a0\u00bb angled_section=\u00a0\u00bbno\u00a0\u00bb text_align=\u00a0\u00bbleft\u00a0\u00bb background_image_as_pattern=\u00a0\u00bbwithout_pattern\u00a0\u00bb css=\u00a0\u00bb.vc_custom_1651828796260{padding-bottom: 4% !important;padding-left: 7% !important;}\u00a0\u00bb z_index=\u00a0\u00bb\u00a0\u00bb][vc_column][vc_row_inner row_type=\u00a0\u00bbrow\u00a0\u00bb type=\u00a0\u00bbfull_width\u00a0\u00bb text_align=\u00a0\u00bbleft\u00a0\u00bb css_animation=\u00a0\u00bb\u00a0\u00bb][vc_column_inner width=\u00a0\u00bb1\/3&Prime;][vc_empty_space][vc_single_image image=\u00a0\u00bb1777&Prime; img_size=\u00a0\u00bbfull\u00a0\u00bb alignment=\u00a0\u00bbcenter\u00a0\u00bb qode_css_animation=\u00a0\u00bb\u00a0\u00bb qode_hover_animation=\u00a0\u00bbzoom_in\u00a0\u00bb][vc_empty_space][vc_column_text]<\/p>\n<h4>Bo\u00eetes et automates \u00e0 musique<\/h4>\n<p>Quand le bois r\u00e9sonne ! Qu&rsquo;il s&rsquo;agisse de bo\u00eetes \u00e0 musique anciennes ou d&rsquo;automates \u00e0 musique modernes datant des deux derniers si\u00e8cles \u2013 lorsque la musique s&rsquo;associe \u00e0 la chaleur du bois, l&rsquo;atmosph\u00e8re devient particuli\u00e8rement attirante.[\/vc_column_text][vc_empty_space][\/vc_column_inner][vc_column_inner width=\u00a0\u00bb1\/3&Prime;][vc_empty_space][vc_single_image image=\u00a0\u00bb1774&Prime; img_size=\u00a0\u00bbfull\u00a0\u00bb alignment=\u00a0\u00bbcenter\u00a0\u00bb qode_css_animation=\u00a0\u00bb\u00a0\u00bb qode_hover_animation=\u00a0\u00bbzoom_in\u00a0\u00bb][vc_empty_space][vc_column_text]<\/p>\n<h4>Chalets en bois<\/h4>\n<p>En latin, chalet signifie \u00ab\u00a0lieu prot\u00e9g\u00e9\u00a0\u00bb &#8211; il n&rsquo;est donc pas \u00e9tonnant que l&rsquo;on se sente particuli\u00e8rement bien dans et autour des chalets, chefs-d&rsquo;\u0153uvre de la construction de maisons. En miniature, ils constituent une forme d&rsquo;art \u00e0 part &#8211; qui exerce sa propre fascination. Les petits chalets classiques de l&rsquo;Oberland, parfois avec une vie int\u00e9rieure passionnante avec de la musique ou un compartiment \u00e0 bijoux, parfois simplement comme \u00e7a, sont souvent des souvenirs tr\u00e8s recherch\u00e9s par les visiteurs. Au mus\u00e9e, ils attirent petits et grands comme par magie.[\/vc_column_text][vc_empty_space][\/vc_column_inner][vc_column_inner width=\u00a0\u00bb1\/3&Prime;][vc_empty_space][vc_single_image image=\u00a0\u00bb1174&Prime; img_size=\u00a0\u00bbfull\u00a0\u00bb alignment=\u00a0\u00bbcenter\u00a0\u00bb qode_css_animation=\u00a0\u00bb\u00a0\u00bb qode_hover_animation=\u00a0\u00bbzoom_in\u00a0\u00bb][vc_empty_space][vc_column_text]<\/p>\n<h4>Cr\u00e8ation contemporaine<\/h4>\n<p>Le mus\u00e9e doit \u00e9galement devenir une plate-forme de la connaissance du bois. En tant que tel, il aborde des th\u00e8mes li\u00e9s \u00e0 l&rsquo;histoire du bois, cherche le contact avec la cr\u00e9ation contemporaine et le \u00ab\u00a0design suisse\u00a0\u00bb dans le domaine du bois.[\/vc_column_text][\/vc_column_inner][\/vc_row_inner][\/vc_column][\/vc_row][vc_row css_animation=\u00a0\u00bb\u00a0\u00bb row_type=\u00a0\u00bbrow\u00a0\u00bb use_row_as_full_screen_section=\u00a0\u00bbno\u00a0\u00bb type=\u00a0\u00bbfull_width\u00a0\u00bb angled_section=\u00a0\u00bbno\u00a0\u00bb text_align=\u00a0\u00bbleft\u00a0\u00bb background_image_as_pattern=\u00a0\u00bbwithout_pattern\u00a0\u00bb][vc_column][vc_separator type=\u00a0\u00bbnormal\u00a0\u00bb thickness=\u00a0\u00bb1px\u00a0\u00bb][\/vc_column][\/vc_row][vc_row css_animation=\u00a0\u00bb\u00a0\u00bb row_type=\u00a0\u00bbrow\u00a0\u00bb use_row_as_full_screen_section=\u00a0\u00bbno\u00a0\u00bb type=\u00a0\u00bbfull_width\u00a0\u00bb angled_section=\u00a0\u00bbno\u00a0\u00bb text_align=\u00a0\u00bbleft\u00a0\u00bb background_image_as_pattern=\u00a0\u00bbwithout_pattern\u00a0\u00bb css=\u00a0\u00bb.vc_custom_1651478196138{padding-top: 4% !important;padding-bottom: 4% !important;padding-left: 7% !important;}\u00a0\u00bb z_index=\u00a0\u00bb\u00a0\u00bb][vc_column width=\u00a0\u00bb2\/3&Prime;][vc_row_inner row_type=\u00a0\u00bbrow\u00a0\u00bb type=\u00a0\u00bbfull_width\u00a0\u00bb text_align=\u00a0\u00bbleft\u00a0\u00bb css_animation=\u00a0\u00bb\u00a0\u00bb][vc_column_inner][vc_column_text]<\/p>\n<h4>Exp\u00e9rience digitale avec \u00abLiving History Guides\u00bb<\/h4>\n<h5>Vous recevez une tablette \u00e0 la caisse et vous vous d\u00e9placez dans l&rsquo;exposition en \u00e9tant bien accompagn\u00e9. Des codes QR permettent d&rsquo;acc\u00e9der \u00e0 des informations et \u00e0 des histoires de fond sur les diff\u00e9rents objets de l&rsquo;exposition. Le \u00ab\u00a0Living History Guide\u00a0\u00bb vous permet d&rsquo;acc\u00e9der directement \u00e0 des images historiques, \u00e0 des extraits de films et \u00e0 des informations sur les expositions temporaires pass\u00e9es. L&rsquo;offre est en constante \u00e9volution.<\/h5>\n<p>[\/vc_column_text][vc_empty_space][\/vc_column_inner][\/vc_row_inner][\/vc_column][vc_column width=\u00a0\u00bb1\/3&Prime; css=\u00a0\u00bb.vc_custom_1651569746161{padding-right: 12% !important;padding-left: 12% !important;}\u00a0\u00bb][vc_single_image image=\u00a0\u00bb1132&Prime; img_size=\u00a0\u00bbfull\u00a0\u00bb qode_css_animation=\u00a0\u00bb\u00a0\u00bb css=\u00a0\u00bb.vc_custom_1651566828261{margin-left: -2% !important;}\u00a0\u00bb][vc_column_text css=\u00a0\u00bb.vc_custom_1671618965894{margin-top: -32px !important;}\u00a0\u00bb]<\/p>\n<h4>Le Mus\u00e9e Suisse de la Sculpture sur Bois &#8211; L&rsquo;art du bois dans sa plus belle forme<\/h4>\n<p>[\/vc_column_text][vc_empty_space][\/vc_column][\/vc_row]<\/p>\n<\/div>","protected":false},"excerpt":{"rendered":"<p>[vc_row css_animation=\u00a0\u00bb\u00a0\u00bb row_type=\u00a0\u00bbrow\u00a0\u00bb use_row_as_full_screen_section=\u00a0\u00bbno\u00a0\u00bb type=\u00a0\u00bbfull_width\u00a0\u00bb angled_section=\u00a0\u00bbno\u00a0\u00bb text_align=\u00a0\u00bbleft\u00a0\u00bb background_image_as_pattern=\u00a0\u00bbwithout_pattern\u00a0\u00bb css=\u00a0\u00bb.vc_custom_1651493946105{padding-top: 3% !important;padding-right: 9% !important;padding-left: 9% !important;}\u00a0\u00bb z_index=\u00a0\u00bb\u00a0\u00bb][vc_column][\/vc_column][\/vc_row][vc_row css_animation=\u00a0\u00bb\u00a0\u00bb row_type=\u00a0\u00bbrow\u00a0\u00bb use_row_as_full_screen_section=\u00a0\u00bbno\u00a0\u00bb type=\u00a0\u00bbfull_width\u00a0\u00bb angled_section=\u00a0\u00bbno\u00a0\u00bb text_align=\u00a0\u00bbleft\u00a0\u00bb background_image_as_pattern=\u00a0\u00bbwithout_pattern\u00a0\u00bb css=\u00a0\u00bb.vc_custom_1651238960930{padding-top: 4% !important;padding-left: 7% !important;}\u00a0\u00bb z_index=\u00a0\u00bb\u00a0\u00bb][vc_column][vc_single_image image=\u00a0\u00bb1102&Prime; img_size=\u00a0\u00bbfull\u00a0\u00bb qode_css_animation=\u00a0\u00bb\u00a0\u00bb css=\u00a0\u00bb.vc_custom_1651493138969{margin-left: -7% !important;}\u00a0\u00bb][vc_column_text css=\u00a0\u00bb.vc_custom_1671618751338{margin-top: -32px !important;}\u00a0\u00bb] Exposition permanente [\/vc_column_text][\/vc_column][\/vc_row][vc_row css_animation=\u00a0\u00bb\u00a0\u00bb row_type=\u00a0\u00bbrow\u00a0\u00bb use_row_as_full_screen_section=\u00a0\u00bbno\u00a0\u00bb type=\u00a0\u00bbfull_width\u00a0\u00bb angled_section=\u00a0\u00bbno\u00a0\u00bb text_align=\u00a0\u00bbleft\u00a0\u00bb background_image_as_pattern=\u00a0\u00bbwithout_pattern\u00a0\u00bb css=\u00a0\u00bb.vc_custom_1651238917074{padding-bottom: 4% !important;padding-left: 7% !important;}\u00a0\u00bb z_index=\u00a0\u00bb\u00a0\u00bb][vc_column width=\u00a0\u00bb2\/3&Prime;][vc_row_inner row_type=\u00a0\u00bbrow\u00a0\u00bb type=\u00a0\u00bbfull_width\u00a0\u00bb text_align=\u00a0\u00bbleft\u00a0\u00bb css_animation=\u00a0\u00bb\u00a0\u00bb][vc_column_inner][vc_column_text] L&rsquo;exposition permanente est consacr\u00e9e \u00e0 la grande diversit\u00e9 des travaux de sculpture sur bois traditionnels et artistiquement significatifs de la r\u00e9gion. Elle montre la grande importance de Brienz en tant que&#8230;<\/p>\n","protected":false},"author":1,"featured_media":0,"parent":0,"menu_order":0,"comment_status":"closed","ping_status":"closed","template":"full_width.php","meta":{"footnotes":""},"class_list":["post-1675","page","type-page","status-publish","hentry"],"yoast_head":"<!-- This site is optimized with the Yoast SEO plugin v27.3 - https:\/\/yoast.com\/product\/yoast-seo-wordpress\/ -->\n<title>Exposition permanente - Schweizer Holzbildhauerei Museum Brienz<\/title>\n<meta name=\"description\" content=\"L&#039;exposition permanente est consacr\u00e9e \u00e0 la grande diversit\u00e9 des travaux de sculpture sur bois traditionnels et artistiquement significatifs de la r\u00e9gion.\" \/>\n<meta name=\"robots\" content=\"index, follow, max-snippet:-1, max-image-preview:large, max-video-preview:-1\" \/>\n<link rel=\"canonical\" href=\"https:\/\/museum-holzbildhauerei.ch\/fr\/exposition-permanente\/\" \/>\n<meta property=\"og:locale\" content=\"fr_FR\" \/>\n<meta property=\"og:type\" content=\"article\" \/>\n<meta property=\"og:title\" content=\"Exposition permanente - Schweizer Holzbildhauerei Museum Brienz\" \/>\n<meta property=\"og:description\" content=\"L&#039;exposition permanente est consacr\u00e9e \u00e0 la grande diversit\u00e9 des travaux de sculpture sur bois traditionnels et artistiquement significatifs de la r\u00e9gion.\" \/>\n<meta property=\"og:url\" content=\"https:\/\/museum-holzbildhauerei.ch\/fr\/exposition-permanente\/\" \/>\n<meta property=\"og:site_name\" content=\"Schweizer Holzbildhauerei Museum Brienz\" \/>\n<meta property=\"article:modified_time\" content=\"2022-12-23T08:50:04+00:00\" \/>\n<meta name=\"twitter:card\" content=\"summary_large_image\" \/>\n<meta name=\"twitter:label1\" content=\"Dur\u00e9e de lecture estim\u00e9e\" \/>\n\t<meta name=\"twitter:data1\" content=\"4 minutes\" \/>\n<script type=\"application\/ld+json\" class=\"yoast-schema-graph\">{\"@context\":\"https:\\\/\\\/schema.org\",\"@graph\":[{\"@type\":\"WebPage\",\"@id\":\"https:\\\/\\\/museum-holzbildhauerei.ch\\\/fr\\\/exposition-permanente\\\/\",\"url\":\"https:\\\/\\\/museum-holzbildhauerei.ch\\\/fr\\\/exposition-permanente\\\/\",\"name\":\"Exposition permanente - Schweizer Holzbildhauerei Museum Brienz\",\"isPartOf\":{\"@id\":\"https:\\\/\\\/museum-holzbildhauerei.ch\\\/fr\\\/#website\"},\"datePublished\":\"2022-05-02T11:49:56+00:00\",\"dateModified\":\"2022-12-23T08:50:04+00:00\",\"description\":\"L'exposition permanente est consacr\u00e9e \u00e0 la grande diversit\u00e9 des travaux de sculpture sur bois traditionnels et artistiquement significatifs de la r\u00e9gion.\",\"breadcrumb\":{\"@id\":\"https:\\\/\\\/museum-holzbildhauerei.ch\\\/fr\\\/exposition-permanente\\\/#breadcrumb\"},\"inLanguage\":\"fr-FR\",\"potentialAction\":[{\"@type\":\"ReadAction\",\"target\":[\"https:\\\/\\\/museum-holzbildhauerei.ch\\\/fr\\\/exposition-permanente\\\/\"]}]},{\"@type\":\"BreadcrumbList\",\"@id\":\"https:\\\/\\\/museum-holzbildhauerei.ch\\\/fr\\\/exposition-permanente\\\/#breadcrumb\",\"itemListElement\":[{\"@type\":\"ListItem\",\"position\":1,\"name\":\"Startseite\",\"item\":\"https:\\\/\\\/museum-holzbildhauerei.ch\\\/fr\\\/\"},{\"@type\":\"ListItem\",\"position\":2,\"name\":\"Exposition permanente\"}]},{\"@type\":\"WebSite\",\"@id\":\"https:\\\/\\\/museum-holzbildhauerei.ch\\\/fr\\\/#website\",\"url\":\"https:\\\/\\\/museum-holzbildhauerei.ch\\\/fr\\\/\",\"name\":\"Schweizer Holzbildhauerei Museum Brienz\",\"description\":\"Holzschnitzerei Handwerkskunst\",\"publisher\":{\"@id\":\"https:\\\/\\\/museum-holzbildhauerei.ch\\\/fr\\\/#organization\"},\"potentialAction\":[{\"@type\":\"SearchAction\",\"target\":{\"@type\":\"EntryPoint\",\"urlTemplate\":\"https:\\\/\\\/museum-holzbildhauerei.ch\\\/fr\\\/?s={search_term_string}\"},\"query-input\":{\"@type\":\"PropertyValueSpecification\",\"valueRequired\":true,\"valueName\":\"search_term_string\"}}],\"inLanguage\":\"fr-FR\"},{\"@type\":\"Organization\",\"@id\":\"https:\\\/\\\/museum-holzbildhauerei.ch\\\/fr\\\/#organization\",\"name\":\"Schweizer Holzbildhauerei Museum Brienz\",\"url\":\"https:\\\/\\\/museum-holzbildhauerei.ch\\\/fr\\\/\",\"logo\":{\"@type\":\"ImageObject\",\"inLanguage\":\"fr-FR\",\"@id\":\"https:\\\/\\\/museum-holzbildhauerei.ch\\\/fr\\\/#\\\/schema\\\/logo\\\/image\\\/\",\"url\":\"https:\\\/\\\/museum-holzbildhauerei.ch\\\/wp-content\\\/uploads\\\/2022\\\/05\\\/museum-holzbildhauerei-schweiz-brienz-SEO.jpg\",\"contentUrl\":\"https:\\\/\\\/museum-holzbildhauerei.ch\\\/wp-content\\\/uploads\\\/2022\\\/05\\\/museum-holzbildhauerei-schweiz-brienz-SEO.jpg\",\"width\":600,\"height\":600,\"caption\":\"Schweizer Holzbildhauerei Museum Brienz\"},\"image\":{\"@id\":\"https:\\\/\\\/museum-holzbildhauerei.ch\\\/fr\\\/#\\\/schema\\\/logo\\\/image\\\/\"}}]}<\/script>\n<!-- \/ Yoast SEO plugin. -->","yoast_head_json":{"title":"Exposition permanente - Schweizer Holzbildhauerei Museum Brienz","description":"L'exposition permanente est consacr\u00e9e \u00e0 la grande diversit\u00e9 des travaux de sculpture sur bois traditionnels et artistiquement significatifs de la r\u00e9gion.","robots":{"index":"index","follow":"follow","max-snippet":"max-snippet:-1","max-image-preview":"max-image-preview:large","max-video-preview":"max-video-preview:-1"},"canonical":"https:\/\/museum-holzbildhauerei.ch\/fr\/exposition-permanente\/","og_locale":"fr_FR","og_type":"article","og_title":"Exposition permanente - Schweizer Holzbildhauerei Museum Brienz","og_description":"L'exposition permanente est consacr\u00e9e \u00e0 la grande diversit\u00e9 des travaux de sculpture sur bois traditionnels et artistiquement significatifs de la r\u00e9gion.","og_url":"https:\/\/museum-holzbildhauerei.ch\/fr\/exposition-permanente\/","og_site_name":"Schweizer Holzbildhauerei Museum Brienz","article_modified_time":"2022-12-23T08:50:04+00:00","twitter_card":"summary_large_image","twitter_misc":{"Dur\u00e9e de lecture estim\u00e9e":"4 minutes"},"schema":{"@context":"https:\/\/schema.org","@graph":[{"@type":"WebPage","@id":"https:\/\/museum-holzbildhauerei.ch\/fr\/exposition-permanente\/","url":"https:\/\/museum-holzbildhauerei.ch\/fr\/exposition-permanente\/","name":"Exposition permanente - Schweizer Holzbildhauerei Museum Brienz","isPartOf":{"@id":"https:\/\/museum-holzbildhauerei.ch\/fr\/#website"},"datePublished":"2022-05-02T11:49:56+00:00","dateModified":"2022-12-23T08:50:04+00:00","description":"L'exposition permanente est consacr\u00e9e \u00e0 la grande diversit\u00e9 des travaux de sculpture sur bois traditionnels et artistiquement significatifs de la r\u00e9gion.","breadcrumb":{"@id":"https:\/\/museum-holzbildhauerei.ch\/fr\/exposition-permanente\/#breadcrumb"},"inLanguage":"fr-FR","potentialAction":[{"@type":"ReadAction","target":["https:\/\/museum-holzbildhauerei.ch\/fr\/exposition-permanente\/"]}]},{"@type":"BreadcrumbList","@id":"https:\/\/museum-holzbildhauerei.ch\/fr\/exposition-permanente\/#breadcrumb","itemListElement":[{"@type":"ListItem","position":1,"name":"Startseite","item":"https:\/\/museum-holzbildhauerei.ch\/fr\/"},{"@type":"ListItem","position":2,"name":"Exposition permanente"}]},{"@type":"WebSite","@id":"https:\/\/museum-holzbildhauerei.ch\/fr\/#website","url":"https:\/\/museum-holzbildhauerei.ch\/fr\/","name":"Schweizer Holzbildhauerei Museum Brienz","description":"Holzschnitzerei Handwerkskunst","publisher":{"@id":"https:\/\/museum-holzbildhauerei.ch\/fr\/#organization"},"potentialAction":[{"@type":"SearchAction","target":{"@type":"EntryPoint","urlTemplate":"https:\/\/museum-holzbildhauerei.ch\/fr\/?s={search_term_string}"},"query-input":{"@type":"PropertyValueSpecification","valueRequired":true,"valueName":"search_term_string"}}],"inLanguage":"fr-FR"},{"@type":"Organization","@id":"https:\/\/museum-holzbildhauerei.ch\/fr\/#organization","name":"Schweizer Holzbildhauerei Museum Brienz","url":"https:\/\/museum-holzbildhauerei.ch\/fr\/","logo":{"@type":"ImageObject","inLanguage":"fr-FR","@id":"https:\/\/museum-holzbildhauerei.ch\/fr\/#\/schema\/logo\/image\/","url":"https:\/\/museum-holzbildhauerei.ch\/wp-content\/uploads\/2022\/05\/museum-holzbildhauerei-schweiz-brienz-SEO.jpg","contentUrl":"https:\/\/museum-holzbildhauerei.ch\/wp-content\/uploads\/2022\/05\/museum-holzbildhauerei-schweiz-brienz-SEO.jpg","width":600,"height":600,"caption":"Schweizer Holzbildhauerei Museum Brienz"},"image":{"@id":"https:\/\/museum-holzbildhauerei.ch\/fr\/#\/schema\/logo\/image\/"}}]}},"_links":{"self":[{"href":"https:\/\/museum-holzbildhauerei.ch\/fr\/wp-json\/wp\/v2\/pages\/1675","targetHints":{"allow":["GET"]}}],"collection":[{"href":"https:\/\/museum-holzbildhauerei.ch\/fr\/wp-json\/wp\/v2\/pages"}],"about":[{"href":"https:\/\/museum-holzbildhauerei.ch\/fr\/wp-json\/wp\/v2\/types\/page"}],"author":[{"embeddable":true,"href":"https:\/\/museum-holzbildhauerei.ch\/fr\/wp-json\/wp\/v2\/users\/1"}],"replies":[{"embeddable":true,"href":"https:\/\/museum-holzbildhauerei.ch\/fr\/wp-json\/wp\/v2\/comments?post=1675"}],"version-history":[{"count":3,"href":"https:\/\/museum-holzbildhauerei.ch\/fr\/wp-json\/wp\/v2\/pages\/1675\/revisions"}],"predecessor-version":[{"id":1780,"href":"https:\/\/museum-holzbildhauerei.ch\/fr\/wp-json\/wp\/v2\/pages\/1675\/revisions\/1780"}],"wp:attachment":[{"href":"https:\/\/museum-holzbildhauerei.ch\/fr\/wp-json\/wp\/v2\/media?parent=1675"}],"curies":[{"name":"wp","href":"https:\/\/api.w.org\/{rel}","templated":true}]}}