{"id":1649,"date":"2022-05-02T09:39:19","date_gmt":"2022-05-02T09:39:19","guid":{"rendered":"https:\/\/museum-holzbildhauerei.ch\/?page_id=1649"},"modified":"2022-12-21T10:01:14","modified_gmt":"2022-12-21T10:01:14","slug":"acces","status":"publish","type":"page","link":"https:\/\/museum-holzbildhauerei.ch\/fr\/acces\/","title":{"rendered":"Acc\u00e8s"},"content":{"rendered":"<div class=\"wpb-content-wrapper\"><p>[vc_row css_animation=\u00a0\u00bb\u00a0\u00bb row_type=\u00a0\u00bbrow\u00a0\u00bb use_row_as_full_screen_section=\u00a0\u00bbno\u00a0\u00bb type=\u00a0\u00bbfull_width\u00a0\u00bb angled_section=\u00a0\u00bbno\u00a0\u00bb text_align=\u00a0\u00bbleft\u00a0\u00bb background_image_as_pattern=\u00a0\u00bbwithout_pattern\u00a0\u00bb css=\u00a0\u00bb.vc_custom_1651241052252{padding-top: 3% !important;padding-right: 9% !important;padding-left: 9% !important;}\u00a0\u00bb z_index=\u00a0\u00bb\u00a0\u00bb][vc_column][vc_gmaps link=\u00a0\u00bb#E-8_JTNDaWZyYW1lJTIwc3JjJTNEJTIyaHR0cHMlM0ElMkYlMkZ3d3cuZ29vZ2xlLmNvbSUyRm1hcHMlMkZlbWJlZCUzRnBiJTNEJTIxMW0xOCUyMTFtMTIlMjExbTMlMjExZDI3MzMuNTM2MzQ1OTE5ODk0OCUyMTJkOC4wMzEyNTQwMTYzNjIxMDIlMjEzZDQ2Ljc1NDMyMzU3OTEzNzQzNCUyMTJtMyUyMTFmMCUyMTJmMCUyMTNmMCUyMTNtMiUyMTFpMTAyNCUyMTJpNzY4JTIxNGYxMy4xJTIxM20zJTIxMW0yJTIxMXMweDQ3OGY5N2VhMWIyZTg5ZTMlMjUzQTB4NTYxNjc2MjJkZGVjNDE2MiUyMTJzU2Nod2VpemVyJTI1MjBIb2x6YmlsZGhhdWVyZWklMjUyME11c2V1bSUyMTVlMCUyMTNtMiUyMTFzZGUlMjEyc2NoJTIxNHYxNjUxMjQwNDA5NDQzJTIxNW0yJTIxMXNkZSUyMTJzY2glMjIlMjB3aWR0aCUzRCUyMjYwMCUyMiUyMGhlaWdodCUzRCUyMjQ1MCUyMiUyMHN0eWxlJTNEJTIyYm9yZGVyJTNBMCUzQiUyMiUyMGFsbG93ZnVsbHNjcmVlbiUzRCUyMiUyMiUyMGxvYWRpbmclM0QlMjJsYXp5JTIyJTIwcmVmZXJyZXJwb2xpY3klM0QlMjJuby1yZWZlcnJlci13aGVuLWRvd25ncmFkZSUyMiUzRSUzQyUyRmlmcmFtZSUzRQ==\u00a0\u00bb size=\u00a0\u00bb500&Prime;][\/vc_column][\/vc_row][vc_row css_animation=\u00a0\u00bb\u00a0\u00bb row_type=\u00a0\u00bbrow\u00a0\u00bb use_row_as_full_screen_section=\u00a0\u00bbno\u00a0\u00bb type=\u00a0\u00bbfull_width\u00a0\u00bb angled_section=\u00a0\u00bbno\u00a0\u00bb text_align=\u00a0\u00bbleft\u00a0\u00bb background_image_as_pattern=\u00a0\u00bbwithout_pattern\u00a0\u00bb css=\u00a0\u00bb.vc_custom_1651238750986{padding-top: 4% !important;padding-bottom: 4% !important;padding-left: 7% !important;}\u00a0\u00bb z_index=\u00a0\u00bb\u00a0\u00bb][vc_column][vc_single_image image=\u00a0\u00bb1098&Prime; img_size=\u00a0\u00bbfull\u00a0\u00bb qode_css_animation=\u00a0\u00bb\u00a0\u00bb css=\u00a0\u00bb.vc_custom_1651484174660{margin-left: -7% !important;}\u00a0\u00bb][vc_column_text css=\u00a0\u00bb.vc_custom_1671616595076{margin-top: -32px !important;}\u00a0\u00bb]<\/p>\n<h1>Acc\u00e8s<\/h1>\n<p>[\/vc_column_text][vc_separator type=\u00a0\u00bbnormal\u00a0\u00bb thickness=\u00a0\u00bb1px\u00a0\u00bb][vc_row_inner row_type=\u00a0\u00bbrow\u00a0\u00bb type=\u00a0\u00bbfull_width\u00a0\u00bb text_align=\u00a0\u00bbleft\u00a0\u00bb css_animation=\u00a0\u00bb\u00a0\u00bb][vc_column_inner width=\u00a0\u00bb1\/3&Prime;][vc_empty_space][vc_column_text]<\/p>\n<h4>Possibilit\u00e9s de stationnement<\/h4>\n<p><strong>Voitures<\/strong><br \/>\nVous trouverez des places de parking publiques directement \u00e0 c\u00f4t\u00e9 du mus\u00e9e, d&rsquo;autres possibilit\u00e9s se trouvent \u00e0 distance de marche.<\/p>\n<p><strong>Autocar<br \/>\n<\/strong>Veuillez <a href=\"&#x6d;&#x61;&#x69;&#x6c;&#x74;&#x6f;&#58;&#105;&#110;&#102;o&#64;mu&#x73;&#x65;&#x75;&#x6d;&#x2d;&#x68;&#111;&#108;&#122;&#98;&#105;ldh&#x61;&#x75;&#x65;&#x72;&#x65;&#x69;&#46;&#99;&#104;\">nous contacter<\/a> si vous arrivez avec votre propre autocar.[\/vc_column_text][vc_empty_space][\/vc_column_inner][vc_column_inner width=\u00a0\u00bb1\/3&Prime;][vc_empty_space][vc_column_text]<\/p>\n<h4>Transport publiques<\/h4>\n<p>Voyagez confortablement avec les transports publics, Brienz dispose des meilleures liaisons. Vous pr\u00e9f\u00e9rez le train ? Bon choix, vous trouverez <a href=\"https:\/\/www.sbb.ch\/fr\/\" target=\"_blank\" rel=\"noopener\">ici<\/a> les horaires.<br \/>\nVous pr\u00e9f\u00e9rez une agr\u00e9able promenade en bateau ? M\u00eame des bateaux \u00e0 vapeur romantiques naviguent sur le lac de Brienz&#8230; Le mus\u00e9e se trouve \u00e0 quelques minutes \u00e0 pied de l&#8217;embarcad\u00e8re de Brienz, qui propose des liaisons int\u00e9ressantes avec Interlaken.[\/vc_column_text][vc_empty_space][\/vc_column_inner][vc_column_inner width=\u00a0\u00bb1\/3&Prime;][vc_empty_space][vc_column_text]<\/p>\n<h4>Notre tipp<\/h4>\n<p>Une vaste promenade au bord du lac, libre de toute circulation &#8211; bord\u00e9e de plusieurs parkings sur la route principale &#8211; s&rsquo;\u00e9tend de la gare jusqu&rsquo;\u00e0 la terrasse de l\u2019H\u00f4tel L\u00f6wen \u00e0 l&rsquo;extr\u00e9mit\u00e9 ouest du village. Une promenade sur ce terrain joliment am\u00e9nag\u00e9 jusqu&rsquo;au mus\u00e9e est une exp\u00e9rience calmante.[\/vc_column_text][vc_empty_space][\/vc_column_inner][\/vc_row_inner][\/vc_column][\/vc_row]<\/p>\n<\/div>","protected":false},"excerpt":{"rendered":"<p>[vc_row css_animation=\u00a0\u00bb\u00a0\u00bb row_type=\u00a0\u00bbrow\u00a0\u00bb use_row_as_full_screen_section=\u00a0\u00bbno\u00a0\u00bb type=\u00a0\u00bbfull_width\u00a0\u00bb angled_section=\u00a0\u00bbno\u00a0\u00bb text_align=\u00a0\u00bbleft\u00a0\u00bb background_image_as_pattern=\u00a0\u00bbwithout_pattern\u00a0\u00bb css=\u00a0\u00bb.vc_custom_1651241052252{padding-top: 3% !important;padding-right: 9% !important;padding-left: 9% !important;}\u00a0\u00bb z_index=\u00a0\u00bb\u00a0\u00bb][vc_column][vc_gmaps link=\u00a0\u00bb#E-8_JTNDaWZyYW1lJTIwc3JjJTNEJTIyaHR0cHMlM0ElMkYlMkZ3d3cuZ29vZ2xlLmNvbSUyRm1hcHMlMkZlbWJlZCUzRnBiJTNEJTIxMW0xOCUyMTFtMTIlMjExbTMlMjExZDI3MzMuNTM2MzQ1OTE5ODk0OCUyMTJkOC4wMzEyNTQwMTYzNjIxMDIlMjEzZDQ2Ljc1NDMyMzU3OTEzNzQzNCUyMTJtMyUyMTFmMCUyMTJmMCUyMTNmMCUyMTNtMiUyMTFpMTAyNCUyMTJpNzY4JTIxNGYxMy4xJTIxM20zJTIxMW0yJTIxMXMweDQ3OGY5N2VhMWIyZTg5ZTMlMjUzQTB4NTYxNjc2MjJkZGVjNDE2MiUyMTJzU2Nod2VpemVyJTI1MjBIb2x6YmlsZGhhdWVyZWklMjUyME11c2V1bSUyMTVlMCUyMTNtMiUyMTFzZGUlMjEyc2NoJTIxNHYxNjUxMjQwNDA5NDQzJTIxNW0yJTIxMXNkZSUyMTJzY2glMjIlMjB3aWR0aCUzRCUyMjYwMCUyMiUyMGhlaWdodCUzRCUyMjQ1MCUyMiUyMHN0eWxlJTNEJTIyYm9yZGVyJTNBMCUzQiUyMiUyMGFsbG93ZnVsbHNjcmVlbiUzRCUyMiUyMiUyMGxvYWRpbmclM0QlMjJsYXp5JTIyJTIwcmVmZXJyZXJwb2xpY3klM0QlMjJuby1yZWZlcnJlci13aGVuLWRvd25ncmFkZSUyMiUzRSUzQyUyRmlmcmFtZSUzRQ==\u00a0\u00bb size=\u00a0\u00bb500&Prime;][\/vc_column][\/vc_row][vc_row css_animation=\u00a0\u00bb\u00a0\u00bb row_type=\u00a0\u00bbrow\u00a0\u00bb use_row_as_full_screen_section=\u00a0\u00bbno\u00a0\u00bb type=\u00a0\u00bbfull_width\u00a0\u00bb angled_section=\u00a0\u00bbno\u00a0\u00bb text_align=\u00a0\u00bbleft\u00a0\u00bb background_image_as_pattern=\u00a0\u00bbwithout_pattern\u00a0\u00bb css=\u00a0\u00bb.vc_custom_1651238750986{padding-top: 4% !important;padding-bottom: 4% !important;padding-left: 7% !important;}\u00a0\u00bb z_index=\u00a0\u00bb\u00a0\u00bb][vc_column][vc_single_image image=\u00a0\u00bb1098&Prime; img_size=\u00a0\u00bbfull\u00a0\u00bb qode_css_animation=\u00a0\u00bb\u00a0\u00bb css=\u00a0\u00bb.vc_custom_1651484174660{margin-left: -7% !important;}\u00a0\u00bb][vc_column_text css=\u00a0\u00bb.vc_custom_1671616595076{margin-top: -32px !important;}\u00a0\u00bb] Acc\u00e8s [\/vc_column_text][vc_separator type=\u00a0\u00bbnormal\u00a0\u00bb thickness=\u00a0\u00bb1px\u00a0\u00bb][vc_row_inner row_type=\u00a0\u00bbrow\u00a0\u00bb type=\u00a0\u00bbfull_width\u00a0\u00bb text_align=\u00a0\u00bbleft\u00a0\u00bb css_animation=\u00a0\u00bb\u00a0\u00bb][vc_column_inner width=\u00a0\u00bb1\/3&Prime;][vc_empty_space][vc_column_text] Possibilit\u00e9s de stationnement Voitures Vous trouverez des places de parking publiques directement \u00e0 c\u00f4t\u00e9 du mus\u00e9e, d&rsquo;autres possibilit\u00e9s se trouvent \u00e0 distance de marche. Autocar Veuillez nous contacter si vous arrivez avec votre propre autocar.[\/vc_column_text][vc_empty_space][\/vc_column_inner][vc_column_inner width=\u00a0\u00bb1\/3&Prime;][vc_empty_space][vc_column_text] Transport publiques Voyagez&#8230;<\/p>\n","protected":false},"author":1,"featured_media":0,"parent":0,"menu_order":0,"comment_status":"closed","ping_status":"closed","template":"full_width.php","meta":{"footnotes":""},"class_list":["post-1649","page","type-page","status-publish","hentry"],"yoast_head":"<!-- This site is optimized with the Yoast SEO plugin v27.3 - https:\/\/yoast.com\/product\/yoast-seo-wordpress\/ -->\n<title>Acc\u00e8s - Schweizer Holzbildhauerei Museum Brienz<\/title>\n<meta name=\"description\" content=\"Vous trouverez le Mus\u00e9e Suisse de la Sculpture sur Bois \u00e0 Hauptstrasse 111 \u00e0 3855 Brienz, Suisse\" \/>\n<meta name=\"robots\" content=\"index, follow, max-snippet:-1, max-image-preview:large, max-video-preview:-1\" \/>\n<link rel=\"canonical\" href=\"https:\/\/museum-holzbildhauerei.ch\/fr\/acces\/\" \/>\n<meta property=\"og:locale\" content=\"fr_FR\" \/>\n<meta property=\"og:type\" content=\"article\" \/>\n<meta property=\"og:title\" content=\"Acc\u00e8s - Schweizer Holzbildhauerei Museum Brienz\" \/>\n<meta property=\"og:description\" content=\"Vous trouverez le Mus\u00e9e Suisse de la Sculpture sur Bois \u00e0 Hauptstrasse 111 \u00e0 3855 Brienz, Suisse\" \/>\n<meta property=\"og:url\" content=\"https:\/\/museum-holzbildhauerei.ch\/fr\/acces\/\" \/>\n<meta property=\"og:site_name\" content=\"Schweizer Holzbildhauerei Museum Brienz\" \/>\n<meta property=\"article:modified_time\" content=\"2022-12-21T10:01:14+00:00\" \/>\n<meta name=\"twitter:card\" content=\"summary_large_image\" \/>\n<meta name=\"twitter:label1\" content=\"Dur\u00e9e de lecture estim\u00e9e\" \/>\n\t<meta name=\"twitter:data1\" content=\"2 minutes\" \/>\n<script type=\"application\/ld+json\" class=\"yoast-schema-graph\">{\"@context\":\"https:\\\/\\\/schema.org\",\"@graph\":[{\"@type\":\"WebPage\",\"@id\":\"https:\\\/\\\/museum-holzbildhauerei.ch\\\/fr\\\/acces\\\/\",\"url\":\"https:\\\/\\\/museum-holzbildhauerei.ch\\\/fr\\\/acces\\\/\",\"name\":\"Acc\u00e8s - Schweizer Holzbildhauerei Museum Brienz\",\"isPartOf\":{\"@id\":\"https:\\\/\\\/museum-holzbildhauerei.ch\\\/fr\\\/#website\"},\"datePublished\":\"2022-05-02T09:39:19+00:00\",\"dateModified\":\"2022-12-21T10:01:14+00:00\",\"description\":\"Vous trouverez le Mus\u00e9e Suisse de la Sculpture sur Bois \u00e0 Hauptstrasse 111 \u00e0 3855 Brienz, Suisse\",\"breadcrumb\":{\"@id\":\"https:\\\/\\\/museum-holzbildhauerei.ch\\\/fr\\\/acces\\\/#breadcrumb\"},\"inLanguage\":\"fr-FR\",\"potentialAction\":[{\"@type\":\"ReadAction\",\"target\":[\"https:\\\/\\\/museum-holzbildhauerei.ch\\\/fr\\\/acces\\\/\"]}]},{\"@type\":\"BreadcrumbList\",\"@id\":\"https:\\\/\\\/museum-holzbildhauerei.ch\\\/fr\\\/acces\\\/#breadcrumb\",\"itemListElement\":[{\"@type\":\"ListItem\",\"position\":1,\"name\":\"Startseite\",\"item\":\"https:\\\/\\\/museum-holzbildhauerei.ch\\\/fr\\\/\"},{\"@type\":\"ListItem\",\"position\":2,\"name\":\"Acc\u00e8s\"}]},{\"@type\":\"WebSite\",\"@id\":\"https:\\\/\\\/museum-holzbildhauerei.ch\\\/fr\\\/#website\",\"url\":\"https:\\\/\\\/museum-holzbildhauerei.ch\\\/fr\\\/\",\"name\":\"Schweizer Holzbildhauerei Museum Brienz\",\"description\":\"Holzschnitzerei Handwerkskunst\",\"publisher\":{\"@id\":\"https:\\\/\\\/museum-holzbildhauerei.ch\\\/fr\\\/#organization\"},\"potentialAction\":[{\"@type\":\"SearchAction\",\"target\":{\"@type\":\"EntryPoint\",\"urlTemplate\":\"https:\\\/\\\/museum-holzbildhauerei.ch\\\/fr\\\/?s={search_term_string}\"},\"query-input\":{\"@type\":\"PropertyValueSpecification\",\"valueRequired\":true,\"valueName\":\"search_term_string\"}}],\"inLanguage\":\"fr-FR\"},{\"@type\":\"Organization\",\"@id\":\"https:\\\/\\\/museum-holzbildhauerei.ch\\\/fr\\\/#organization\",\"name\":\"Schweizer Holzbildhauerei Museum Brienz\",\"url\":\"https:\\\/\\\/museum-holzbildhauerei.ch\\\/fr\\\/\",\"logo\":{\"@type\":\"ImageObject\",\"inLanguage\":\"fr-FR\",\"@id\":\"https:\\\/\\\/museum-holzbildhauerei.ch\\\/fr\\\/#\\\/schema\\\/logo\\\/image\\\/\",\"url\":\"https:\\\/\\\/museum-holzbildhauerei.ch\\\/wp-content\\\/uploads\\\/2022\\\/05\\\/museum-holzbildhauerei-schweiz-brienz-SEO.jpg\",\"contentUrl\":\"https:\\\/\\\/museum-holzbildhauerei.ch\\\/wp-content\\\/uploads\\\/2022\\\/05\\\/museum-holzbildhauerei-schweiz-brienz-SEO.jpg\",\"width\":600,\"height\":600,\"caption\":\"Schweizer Holzbildhauerei Museum Brienz\"},\"image\":{\"@id\":\"https:\\\/\\\/museum-holzbildhauerei.ch\\\/fr\\\/#\\\/schema\\\/logo\\\/image\\\/\"}}]}<\/script>\n<!-- \/ Yoast SEO plugin. -->","yoast_head_json":{"title":"Acc\u00e8s - Schweizer Holzbildhauerei Museum Brienz","description":"Vous trouverez le Mus\u00e9e Suisse de la Sculpture sur Bois \u00e0 Hauptstrasse 111 \u00e0 3855 Brienz, Suisse","robots":{"index":"index","follow":"follow","max-snippet":"max-snippet:-1","max-image-preview":"max-image-preview:large","max-video-preview":"max-video-preview:-1"},"canonical":"https:\/\/museum-holzbildhauerei.ch\/fr\/acces\/","og_locale":"fr_FR","og_type":"article","og_title":"Acc\u00e8s - Schweizer Holzbildhauerei Museum Brienz","og_description":"Vous trouverez le Mus\u00e9e Suisse de la Sculpture sur Bois \u00e0 Hauptstrasse 111 \u00e0 3855 Brienz, Suisse","og_url":"https:\/\/museum-holzbildhauerei.ch\/fr\/acces\/","og_site_name":"Schweizer Holzbildhauerei Museum Brienz","article_modified_time":"2022-12-21T10:01:14+00:00","twitter_card":"summary_large_image","twitter_misc":{"Dur\u00e9e de lecture estim\u00e9e":"2 minutes"},"schema":{"@context":"https:\/\/schema.org","@graph":[{"@type":"WebPage","@id":"https:\/\/museum-holzbildhauerei.ch\/fr\/acces\/","url":"https:\/\/museum-holzbildhauerei.ch\/fr\/acces\/","name":"Acc\u00e8s - Schweizer Holzbildhauerei Museum Brienz","isPartOf":{"@id":"https:\/\/museum-holzbildhauerei.ch\/fr\/#website"},"datePublished":"2022-05-02T09:39:19+00:00","dateModified":"2022-12-21T10:01:14+00:00","description":"Vous trouverez le Mus\u00e9e Suisse de la Sculpture sur Bois \u00e0 Hauptstrasse 111 \u00e0 3855 Brienz, Suisse","breadcrumb":{"@id":"https:\/\/museum-holzbildhauerei.ch\/fr\/acces\/#breadcrumb"},"inLanguage":"fr-FR","potentialAction":[{"@type":"ReadAction","target":["https:\/\/museum-holzbildhauerei.ch\/fr\/acces\/"]}]},{"@type":"BreadcrumbList","@id":"https:\/\/museum-holzbildhauerei.ch\/fr\/acces\/#breadcrumb","itemListElement":[{"@type":"ListItem","position":1,"name":"Startseite","item":"https:\/\/museum-holzbildhauerei.ch\/fr\/"},{"@type":"ListItem","position":2,"name":"Acc\u00e8s"}]},{"@type":"WebSite","@id":"https:\/\/museum-holzbildhauerei.ch\/fr\/#website","url":"https:\/\/museum-holzbildhauerei.ch\/fr\/","name":"Schweizer Holzbildhauerei Museum Brienz","description":"Holzschnitzerei Handwerkskunst","publisher":{"@id":"https:\/\/museum-holzbildhauerei.ch\/fr\/#organization"},"potentialAction":[{"@type":"SearchAction","target":{"@type":"EntryPoint","urlTemplate":"https:\/\/museum-holzbildhauerei.ch\/fr\/?s={search_term_string}"},"query-input":{"@type":"PropertyValueSpecification","valueRequired":true,"valueName":"search_term_string"}}],"inLanguage":"fr-FR"},{"@type":"Organization","@id":"https:\/\/museum-holzbildhauerei.ch\/fr\/#organization","name":"Schweizer Holzbildhauerei Museum Brienz","url":"https:\/\/museum-holzbildhauerei.ch\/fr\/","logo":{"@type":"ImageObject","inLanguage":"fr-FR","@id":"https:\/\/museum-holzbildhauerei.ch\/fr\/#\/schema\/logo\/image\/","url":"https:\/\/museum-holzbildhauerei.ch\/wp-content\/uploads\/2022\/05\/museum-holzbildhauerei-schweiz-brienz-SEO.jpg","contentUrl":"https:\/\/museum-holzbildhauerei.ch\/wp-content\/uploads\/2022\/05\/museum-holzbildhauerei-schweiz-brienz-SEO.jpg","width":600,"height":600,"caption":"Schweizer Holzbildhauerei Museum Brienz"},"image":{"@id":"https:\/\/museum-holzbildhauerei.ch\/fr\/#\/schema\/logo\/image\/"}}]}},"_links":{"self":[{"href":"https:\/\/museum-holzbildhauerei.ch\/fr\/wp-json\/wp\/v2\/pages\/1649","targetHints":{"allow":["GET"]}}],"collection":[{"href":"https:\/\/museum-holzbildhauerei.ch\/fr\/wp-json\/wp\/v2\/pages"}],"about":[{"href":"https:\/\/museum-holzbildhauerei.ch\/fr\/wp-json\/wp\/v2\/types\/page"}],"author":[{"embeddable":true,"href":"https:\/\/museum-holzbildhauerei.ch\/fr\/wp-json\/wp\/v2\/users\/1"}],"replies":[{"embeddable":true,"href":"https:\/\/museum-holzbildhauerei.ch\/fr\/wp-json\/wp\/v2\/comments?post=1649"}],"version-history":[{"count":2,"href":"https:\/\/museum-holzbildhauerei.ch\/fr\/wp-json\/wp\/v2\/pages\/1649\/revisions"}],"predecessor-version":[{"id":1651,"href":"https:\/\/museum-holzbildhauerei.ch\/fr\/wp-json\/wp\/v2\/pages\/1649\/revisions\/1651"}],"wp:attachment":[{"href":"https:\/\/museum-holzbildhauerei.ch\/fr\/wp-json\/wp\/v2\/media?parent=1649"}],"curies":[{"name":"wp","href":"https:\/\/api.w.org\/{rel}","templated":true}]}}