{"id":1627,"date":"2022-05-02T14:11:06","date_gmt":"2022-05-02T14:11:06","guid":{"rendered":"https:\/\/museum-holzbildhauerei.ch\/?page_id=1627"},"modified":"2022-12-21T10:19:50","modified_gmt":"2022-12-21T10:19:50","slug":"le-musee","status":"publish","type":"page","link":"https:\/\/museum-holzbildhauerei.ch\/fr\/le-musee\/","title":{"rendered":"Le Mus\u00e9e"},"content":{"rendered":"<div class=\"wpb-content-wrapper\"><p>[vc_row css_animation=\u00a0\u00bb\u00a0\u00bb row_type=\u00a0\u00bbrow\u00a0\u00bb use_row_as_full_screen_section=\u00a0\u00bbno\u00a0\u00bb type=\u00a0\u00bbfull_width\u00a0\u00bb angled_section=\u00a0\u00bbno\u00a0\u00bb text_align=\u00a0\u00bbleft\u00a0\u00bb background_image_as_pattern=\u00a0\u00bbwithout_pattern\u00a0\u00bb css=\u00a0\u00bb.vc_custom_1651240881945{padding-top: 3% !important;}\u00a0\u00bb z_index=\u00a0\u00bb\u00a0\u00bb][vc_column][vc_single_image image=\u00a0\u00bb1058&Prime; img_size=\u00a0\u00bbfull\u00a0\u00bb alignment=\u00a0\u00bbcenter\u00a0\u00bb qode_css_animation=\u00a0\u00bb\u00a0\u00bb qode_hover_animation=\u00a0\u00bbzoom_in\u00a0\u00bb][\/vc_column][\/vc_row][vc_row css_animation=\u00a0\u00bb\u00a0\u00bb row_type=\u00a0\u00bbrow\u00a0\u00bb use_row_as_full_screen_section=\u00a0\u00bbno\u00a0\u00bb type=\u00a0\u00bbfull_width\u00a0\u00bb angled_section=\u00a0\u00bbno\u00a0\u00bb text_align=\u00a0\u00bbleft\u00a0\u00bb background_image_as_pattern=\u00a0\u00bbwithout_pattern\u00a0\u00bb css=\u00a0\u00bb.vc_custom_1651238285448{padding-top: 4% !important;padding-left: 7% !important;}\u00a0\u00bb z_index=\u00a0\u00bb\u00a0\u00bb][vc_column][vc_single_image image=\u00a0\u00bb1070&Prime; img_size=\u00a0\u00bbfull\u00a0\u00bb qode_css_animation=\u00a0\u00bb\u00a0\u00bb css=\u00a0\u00bb.vc_custom_1651500466067{margin-left: -7% !important;}\u00a0\u00bb][vc_column_text css=\u00a0\u00bb.vc_custom_1671613962655{margin-top: -32px !important;}\u00a0\u00bb]<\/p>\n<h1>Le Mus\u00e9e<\/h1>\n<p>[\/vc_column_text][vc_separator type=\u00a0\u00bbnormal\u00a0\u00bb thickness=\u00a0\u00bb1px\u00a0\u00bb][\/vc_column][\/vc_row][vc_row css_animation=\u00a0\u00bb\u00a0\u00bb row_type=\u00a0\u00bbrow\u00a0\u00bb use_row_as_full_screen_section=\u00a0\u00bbno\u00a0\u00bb type=\u00a0\u00bbfull_width\u00a0\u00bb angled_section=\u00a0\u00bbno\u00a0\u00bb text_align=\u00a0\u00bbleft\u00a0\u00bb background_image_as_pattern=\u00a0\u00bbwithout_pattern\u00a0\u00bb css=\u00a0\u00bb.vc_custom_1651501725166{padding-top: 32px !important;padding-bottom: 32px !important;}\u00a0\u00bb z_index=\u00a0\u00bb\u00a0\u00bb][vc_column width=\u00a0\u00bb1\/4&Prime; css=\u00a0\u00bb.vc_custom_1650955181909{padding-top: 0px !important;padding-right: 20px !important;padding-bottom: 0px !important;padding-left: 0px !important;}\u00a0\u00bb]<div class=\"qode-banner qode-banner-va-bottom\"><a class=\"qode-banner-link\" href=\"https:\/\/museum-holzbildhauerei.ch\/fr\/exposition-brienz\/\" target=\"_self\"><\/a><div class=\"qode-banner-image\"><img decoding=\"async\" itemprop=\"image\" src=\"https:\/\/museum-holzbildhauerei.ch\/wp-content\/uploads\/2022\/05\/Schweizer-holzbilhauerei-museum-brienz-teaser-14.jpg\" alt=\"Schweizer Holzbildhauerei Museum Brienz Austellungen\" \/><\/div><div class=\"qode-banner-content\"><div class=\"qode-banner-content-inner\"><div class=\"qode-banner-text-holder\">\n<h2>Expositions<\/h2>\n<\/div><\/div><\/div><\/div>[\/vc_column][vc_column width=\u00a0\u00bb1\/4&Prime; css=\u00a0\u00bb.vc_custom_1651564555176{padding-top: 0px !important;padding-right: 15px !important;padding-bottom: 0px !important;padding-left: 10px !important;}\u00a0\u00bb]<div class=\"qode-banner qode-banner-va-bottom\"><a class=\"qode-banner-link\" href=\"https:\/\/museum-holzbildhauerei.ch\/fr\/visites-guidees\/\" target=\"_self\"><\/a><div class=\"qode-banner-image\"><img decoding=\"async\" itemprop=\"image\" src=\"https:\/\/museum-holzbildhauerei.ch\/wp-content\/uploads\/2022\/05\/Schweizer-holzbilhauerei-museum-brienz-teaser-17.jpg\" alt=\"Schweizer Holzbildhauerei Museum Brienz\" \/><\/div><div class=\"qode-banner-content\"><div class=\"qode-banner-content-inner\"><div class=\"qode-banner-text-holder\">\n<h2>Tours Guid\u00e9s<\/h2>\n<\/div><\/div><\/div><\/div>[\/vc_column][vc_column width=\u00a0\u00bb1\/4&Prime; css=\u00a0\u00bb.vc_custom_1651564561472{padding-top: 0px !important;padding-right: 10px !important;padding-bottom: 0px !important;padding-left: 15px !important;}\u00a0\u00bb]<div class=\"qode-banner qode-banner-va-bottom\"><a class=\"qode-banner-link\" href=\"https:\/\/museum-holzbildhauerei.ch\/fr\/pour-les-groupes\/\" target=\"_self\"><\/a><div class=\"qode-banner-image\"><img decoding=\"async\" itemprop=\"image\" src=\"https:\/\/museum-holzbildhauerei.ch\/wp-content\/uploads\/2022\/05\/Schweizer-holzbilhauerei-museum-brienz-teaser-19.jpg\" alt=\"Schweizer Holzbildhauerei Museum Brienz\" \/><\/div><div class=\"qode-banner-content\"><div class=\"qode-banner-content-inner\"><div class=\"qode-banner-text-holder\">\n<h2>Les Groupes<\/h2>\n<\/div><\/div><\/div><\/div>[\/vc_column][vc_column width=\u00a0\u00bb1\/4&Prime; css=\u00a0\u00bb.vc_custom_1651500779993{padding-top: 0px !important;padding-right: 0px !important;padding-bottom: 0px !important;padding-left: 20px !important;}\u00a0\u00bb]<div class=\"qode-banner qode-banner-va-bottom\"><a class=\"qode-banner-link\" href=\"https:\/\/museum-holzbildhauerei.ch\/fr\/pour-les-familles\/\" target=\"_self\"><\/a><div class=\"qode-banner-image\"><img decoding=\"async\" itemprop=\"image\" src=\"https:\/\/museum-holzbildhauerei.ch\/wp-content\/uploads\/2022\/05\/Schweizer-holzbilhauerei-museum-brienz-teaser-18.jpg\" alt=\"Schweizer Holzbildhauerei Museum Brienz\" \/><\/div><div class=\"qode-banner-content\"><div class=\"qode-banner-content-inner\"><div class=\"qode-banner-text-holder\">\n<h2>Les Familles<\/h2>\n<\/div><\/div><\/div><\/div>[\/vc_column][\/vc_row][vc_row css_animation=\u00a0\u00bb\u00a0\u00bb row_type=\u00a0\u00bbrow\u00a0\u00bb use_row_as_full_screen_section=\u00a0\u00bbno\u00a0\u00bb type=\u00a0\u00bbfull_width\u00a0\u00bb angled_section=\u00a0\u00bbno\u00a0\u00bb text_align=\u00a0\u00bbleft\u00a0\u00bb background_image_as_pattern=\u00a0\u00bbwithout_pattern\u00a0\u00bb css=\u00a0\u00bb.vc_custom_1651500807151{padding-bottom: 32px !important;}\u00a0\u00bb z_index=\u00a0\u00bb\u00a0\u00bb][vc_column width=\u00a0\u00bb1\/4&Prime; css=\u00a0\u00bb.vc_custom_1650955181909{padding-top: 0px !important;padding-right: 20px !important;padding-bottom: 0px !important;padding-left: 0px !important;}\u00a0\u00bb]<div class=\"qode-banner qode-banner-va-bottom\"><a class=\"qode-banner-link\" href=\"https:\/\/museum-holzbildhauerei.ch\/fr\/heures-douverture-prix\/\" target=\"_self\"><\/a><div class=\"qode-banner-image\"><img decoding=\"async\" itemprop=\"image\" src=\"https:\/\/museum-holzbildhauerei.ch\/wp-content\/uploads\/2022\/05\/Schweizer-holzbilhauerei-museum-brienz-teaser-10.jpg\" alt=\"Schweizer Holzbildhauerei Museum Brienz \u00d6ffnungszeiten und Preise\" \/><\/div><div class=\"qode-banner-content\"><div class=\"qode-banner-content-inner\"><div class=\"qode-banner-text-holder\">\n<h2>Heures d\u2019Ouverture &amp; Prix<\/h2>\n<\/div><\/div><\/div><\/div>[\/vc_column][vc_column width=\u00a0\u00bb1\/4&Prime; css=\u00a0\u00bb.vc_custom_1651564581036{padding-top: 0px !important;padding-right: 15px !important;padding-bottom: 0px !important;padding-left: 10px !important;}\u00a0\u00bb]<div class=\"qode-banner qode-banner-va-bottom\"><a class=\"qode-banner-link\" href=\"https:\/\/museum-holzbildhauerei.ch\/fr\/acces\/\" target=\"_self\"><\/a><div class=\"qode-banner-image\"><img decoding=\"async\" itemprop=\"image\" src=\"https:\/\/museum-holzbildhauerei.ch\/wp-content\/uploads\/2022\/05\/Schweizer-holzbilhauerei-museum-brienz-teaser-8.jpg\" alt=\"Schweizer Holzbildhauerei Museum Brienz Anreise\" \/><\/div><div class=\"qode-banner-content\"><div class=\"qode-banner-content-inner\"><div class=\"qode-banner-text-holder\">\n<h2>Acc\u00e8s<\/h2>\n<\/div><\/div><\/div><\/div>[\/vc_column][vc_column width=\u00a0\u00bb1\/4&Prime; css=\u00a0\u00bb.vc_custom_1651564587173{padding-top: 0px !important;padding-right: 10px !important;padding-bottom: 0px !important;padding-left: 15px !important;}\u00a0\u00bb]<div class=\"qode-banner qode-banner-va-bottom\"><a class=\"qode-banner-link\" href=\"https:\/\/museum-holzbildhauerei.ch\/fr\/nos-partenaires-donateurs\/\" target=\"_self\"><\/a><div class=\"qode-banner-image\"><img decoding=\"async\" itemprop=\"image\" src=\"https:\/\/museum-holzbildhauerei.ch\/wp-content\/uploads\/2022\/05\/Schweizer-holzbilhauerei-museum-brienz-teaser-9.jpg\" alt=\"Schweizer Holzbildhauerei Museum Brienz Partner und G\u00f6nner\" \/><\/div><div class=\"qode-banner-content\"><div class=\"qode-banner-content-inner\"><div class=\"qode-banner-text-holder\">\n<h2>Partenaires &amp; Donateurs<\/h2>\n<\/div><\/div><\/div><\/div>[\/vc_column][vc_column width=\u00a0\u00bb1\/4&Prime; css=\u00a0\u00bb.vc_custom_1651500785471{padding-top: 0px !important;padding-right: 0px !important;padding-bottom: 0px !important;padding-left: 20px !important;}\u00a0\u00bb]<div class=\"qode-banner qode-banner-va-bottom\"><a class=\"qode-banner-link\" href=\"https:\/\/museum-holzbildhauerei.ch\/fr\/bistro-shop\/\" target=\"_self\"><\/a><div class=\"qode-banner-image\"><img decoding=\"async\" itemprop=\"image\" src=\"https:\/\/museum-holzbildhauerei.ch\/wp-content\/uploads\/2022\/05\/Schweizer-holzbilhauerei-museum-brienz-teaser-16.jpg\" alt=\"Schweizer Holzbildhauerei Museum Brienz Bistro &amp; Shop\" \/><\/div><div class=\"qode-banner-content\"><div class=\"qode-banner-content-inner\"><div class=\"qode-banner-text-holder\">\n<h2>Bistro &amp; Shop<\/h2>\n<\/div><\/div><\/div><\/div>[\/vc_column][\/vc_row]<\/p>\n<\/div>","protected":false},"excerpt":{"rendered":"<p>[vc_row css_animation=\u00a0\u00bb\u00a0\u00bb row_type=\u00a0\u00bbrow\u00a0\u00bb use_row_as_full_screen_section=\u00a0\u00bbno\u00a0\u00bb type=\u00a0\u00bbfull_width\u00a0\u00bb angled_section=\u00a0\u00bbno\u00a0\u00bb text_align=\u00a0\u00bbleft\u00a0\u00bb background_image_as_pattern=\u00a0\u00bbwithout_pattern\u00a0\u00bb css=\u00a0\u00bb.vc_custom_1651240881945{padding-top: 3% !important;}\u00a0\u00bb z_index=\u00a0\u00bb\u00a0\u00bb][vc_column][vc_single_image image=\u00a0\u00bb1058&Prime; img_size=\u00a0\u00bbfull\u00a0\u00bb alignment=\u00a0\u00bbcenter\u00a0\u00bb qode_css_animation=\u00a0\u00bb\u00a0\u00bb qode_hover_animation=\u00a0\u00bbzoom_in\u00a0\u00bb][\/vc_column][\/vc_row][vc_row css_animation=\u00a0\u00bb\u00a0\u00bb row_type=\u00a0\u00bbrow\u00a0\u00bb use_row_as_full_screen_section=\u00a0\u00bbno\u00a0\u00bb type=\u00a0\u00bbfull_width\u00a0\u00bb angled_section=\u00a0\u00bbno\u00a0\u00bb text_align=\u00a0\u00bbleft\u00a0\u00bb background_image_as_pattern=\u00a0\u00bbwithout_pattern\u00a0\u00bb css=\u00a0\u00bb.vc_custom_1651238285448{padding-top: 4% !important;padding-left: 7% !important;}\u00a0\u00bb z_index=\u00a0\u00bb\u00a0\u00bb][vc_column][vc_single_image image=\u00a0\u00bb1070&Prime; img_size=\u00a0\u00bbfull\u00a0\u00bb qode_css_animation=\u00a0\u00bb\u00a0\u00bb css=\u00a0\u00bb.vc_custom_1651500466067{margin-left: -7% !important;}\u00a0\u00bb][vc_column_text css=\u00a0\u00bb.vc_custom_1671613962655{margin-top: -32px !important;}\u00a0\u00bb] Le Mus\u00e9e [\/vc_column_text][vc_separator type=\u00a0\u00bbnormal\u00a0\u00bb thickness=\u00a0\u00bb1px\u00a0\u00bb][\/vc_column][\/vc_row][vc_row css_animation=\u00a0\u00bb\u00a0\u00bb row_type=\u00a0\u00bbrow\u00a0\u00bb use_row_as_full_screen_section=\u00a0\u00bbno\u00a0\u00bb type=\u00a0\u00bbfull_width\u00a0\u00bb angled_section=\u00a0\u00bbno\u00a0\u00bb text_align=\u00a0\u00bbleft\u00a0\u00bb background_image_as_pattern=\u00a0\u00bbwithout_pattern\u00a0\u00bb css=\u00a0\u00bb.vc_custom_1651501725166{padding-top: 32px !important;padding-bottom: 32px !important;}\u00a0\u00bb z_index=\u00a0\u00bb\u00a0\u00bb][vc_column width=\u00a0\u00bb1\/4&Prime; css=\u00a0\u00bb.vc_custom_1650955181909{padding-top: 0px !important;padding-right: 20px !important;padding-bottom: 0px !important;padding-left: 0px !important;}\u00a0\u00bb][\/vc_column][vc_column width=\u00a0\u00bb1\/4&Prime; css=\u00a0\u00bb.vc_custom_1651564555176{padding-top: 0px !important;padding-right: 15px !important;padding-bottom: 0px !important;padding-left: 10px !important;}\u00a0\u00bb][\/vc_column][vc_column width=\u00a0\u00bb1\/4&Prime; css=\u00a0\u00bb.vc_custom_1651564561472{padding-top: 0px !important;padding-right: 10px !important;padding-bottom: 0px !important;padding-left: 15px !important;}\u00a0\u00bb][\/vc_column][vc_column width=\u00a0\u00bb1\/4&Prime; css=\u00a0\u00bb.vc_custom_1651500779993{padding-top: 0px&#8230;<\/p>\n","protected":false},"author":1,"featured_media":0,"parent":0,"menu_order":0,"comment_status":"closed","ping_status":"closed","template":"full_width.php","meta":{"footnotes":""},"class_list":["post-1627","page","type-page","status-publish","hentry"],"yoast_head":"<!-- This site is optimized with the Yoast SEO plugin v27.3 - https:\/\/yoast.com\/product\/yoast-seo-wordpress\/ -->\n<title>Le Mus\u00e9e - Schweizer Holzbildhauerei Museum Brienz<\/title>\n<meta name=\"description\" content=\"Le Mus\u00e9e Suisse de la Sculpture sur Bois est situ\u00e9 au c\u0153ur de Brienz. Id\u00e9al pour les \u00e9v\u00e9nements de groupe, les sorties d&#039;entreprise, les programmes familiaux et de v\u00e9ritables moments de qualit\u00e9.\" \/>\n<meta name=\"robots\" content=\"index, follow, max-snippet:-1, max-image-preview:large, max-video-preview:-1\" \/>\n<link rel=\"canonical\" href=\"https:\/\/museum-holzbildhauerei.ch\/fr\/le-musee\/\" \/>\n<meta property=\"og:locale\" content=\"fr_FR\" \/>\n<meta property=\"og:type\" content=\"article\" \/>\n<meta property=\"og:title\" content=\"Le Mus\u00e9e - Schweizer Holzbildhauerei Museum Brienz\" \/>\n<meta property=\"og:description\" content=\"Le Mus\u00e9e Suisse de la Sculpture sur Bois est situ\u00e9 au c\u0153ur de Brienz. Id\u00e9al pour les \u00e9v\u00e9nements de groupe, les sorties d&#039;entreprise, les programmes familiaux et de v\u00e9ritables moments de qualit\u00e9.\" \/>\n<meta property=\"og:url\" content=\"https:\/\/museum-holzbildhauerei.ch\/fr\/le-musee\/\" \/>\n<meta property=\"og:site_name\" content=\"Schweizer Holzbildhauerei Museum Brienz\" \/>\n<meta property=\"article:modified_time\" content=\"2022-12-21T10:19:50+00:00\" \/>\n<meta name=\"twitter:card\" content=\"summary_large_image\" \/>\n<meta name=\"twitter:label1\" content=\"Dur\u00e9e de lecture estim\u00e9e\" \/>\n\t<meta name=\"twitter:data1\" content=\"2 minutes\" \/>\n<script type=\"application\/ld+json\" class=\"yoast-schema-graph\">{\"@context\":\"https:\\\/\\\/schema.org\",\"@graph\":[{\"@type\":\"WebPage\",\"@id\":\"https:\\\/\\\/museum-holzbildhauerei.ch\\\/fr\\\/le-musee\\\/\",\"url\":\"https:\\\/\\\/museum-holzbildhauerei.ch\\\/fr\\\/le-musee\\\/\",\"name\":\"Le Mus\u00e9e - Schweizer Holzbildhauerei Museum Brienz\",\"isPartOf\":{\"@id\":\"https:\\\/\\\/museum-holzbildhauerei.ch\\\/fr\\\/#website\"},\"datePublished\":\"2022-05-02T14:11:06+00:00\",\"dateModified\":\"2022-12-21T10:19:50+00:00\",\"description\":\"Le Mus\u00e9e Suisse de la Sculpture sur Bois est situ\u00e9 au c\u0153ur de Brienz. Id\u00e9al pour les \u00e9v\u00e9nements de groupe, les sorties d'entreprise, les programmes familiaux et de v\u00e9ritables moments de qualit\u00e9.\",\"breadcrumb\":{\"@id\":\"https:\\\/\\\/museum-holzbildhauerei.ch\\\/fr\\\/le-musee\\\/#breadcrumb\"},\"inLanguage\":\"fr-FR\",\"potentialAction\":[{\"@type\":\"ReadAction\",\"target\":[\"https:\\\/\\\/museum-holzbildhauerei.ch\\\/fr\\\/le-musee\\\/\"]}]},{\"@type\":\"BreadcrumbList\",\"@id\":\"https:\\\/\\\/museum-holzbildhauerei.ch\\\/fr\\\/le-musee\\\/#breadcrumb\",\"itemListElement\":[{\"@type\":\"ListItem\",\"position\":1,\"name\":\"Startseite\",\"item\":\"https:\\\/\\\/museum-holzbildhauerei.ch\\\/fr\\\/\"},{\"@type\":\"ListItem\",\"position\":2,\"name\":\"Le Mus\u00e9e\"}]},{\"@type\":\"WebSite\",\"@id\":\"https:\\\/\\\/museum-holzbildhauerei.ch\\\/fr\\\/#website\",\"url\":\"https:\\\/\\\/museum-holzbildhauerei.ch\\\/fr\\\/\",\"name\":\"Schweizer Holzbildhauerei Museum Brienz\",\"description\":\"Holzschnitzerei Handwerkskunst\",\"publisher\":{\"@id\":\"https:\\\/\\\/museum-holzbildhauerei.ch\\\/fr\\\/#organization\"},\"potentialAction\":[{\"@type\":\"SearchAction\",\"target\":{\"@type\":\"EntryPoint\",\"urlTemplate\":\"https:\\\/\\\/museum-holzbildhauerei.ch\\\/fr\\\/?s={search_term_string}\"},\"query-input\":{\"@type\":\"PropertyValueSpecification\",\"valueRequired\":true,\"valueName\":\"search_term_string\"}}],\"inLanguage\":\"fr-FR\"},{\"@type\":\"Organization\",\"@id\":\"https:\\\/\\\/museum-holzbildhauerei.ch\\\/fr\\\/#organization\",\"name\":\"Schweizer Holzbildhauerei Museum Brienz\",\"url\":\"https:\\\/\\\/museum-holzbildhauerei.ch\\\/fr\\\/\",\"logo\":{\"@type\":\"ImageObject\",\"inLanguage\":\"fr-FR\",\"@id\":\"https:\\\/\\\/museum-holzbildhauerei.ch\\\/fr\\\/#\\\/schema\\\/logo\\\/image\\\/\",\"url\":\"https:\\\/\\\/museum-holzbildhauerei.ch\\\/wp-content\\\/uploads\\\/2022\\\/05\\\/museum-holzbildhauerei-schweiz-brienz-SEO.jpg\",\"contentUrl\":\"https:\\\/\\\/museum-holzbildhauerei.ch\\\/wp-content\\\/uploads\\\/2022\\\/05\\\/museum-holzbildhauerei-schweiz-brienz-SEO.jpg\",\"width\":600,\"height\":600,\"caption\":\"Schweizer Holzbildhauerei Museum Brienz\"},\"image\":{\"@id\":\"https:\\\/\\\/museum-holzbildhauerei.ch\\\/fr\\\/#\\\/schema\\\/logo\\\/image\\\/\"}}]}<\/script>\n<!-- \/ Yoast SEO plugin. -->","yoast_head_json":{"title":"Le Mus\u00e9e - Schweizer Holzbildhauerei Museum Brienz","description":"Le Mus\u00e9e Suisse de la Sculpture sur Bois est situ\u00e9 au c\u0153ur de Brienz. Id\u00e9al pour les \u00e9v\u00e9nements de groupe, les sorties d'entreprise, les programmes familiaux et de v\u00e9ritables moments de qualit\u00e9.","robots":{"index":"index","follow":"follow","max-snippet":"max-snippet:-1","max-image-preview":"max-image-preview:large","max-video-preview":"max-video-preview:-1"},"canonical":"https:\/\/museum-holzbildhauerei.ch\/fr\/le-musee\/","og_locale":"fr_FR","og_type":"article","og_title":"Le Mus\u00e9e - Schweizer Holzbildhauerei Museum Brienz","og_description":"Le Mus\u00e9e Suisse de la Sculpture sur Bois est situ\u00e9 au c\u0153ur de Brienz. Id\u00e9al pour les \u00e9v\u00e9nements de groupe, les sorties d'entreprise, les programmes familiaux et de v\u00e9ritables moments de qualit\u00e9.","og_url":"https:\/\/museum-holzbildhauerei.ch\/fr\/le-musee\/","og_site_name":"Schweizer Holzbildhauerei Museum Brienz","article_modified_time":"2022-12-21T10:19:50+00:00","twitter_card":"summary_large_image","twitter_misc":{"Dur\u00e9e de lecture estim\u00e9e":"2 minutes"},"schema":{"@context":"https:\/\/schema.org","@graph":[{"@type":"WebPage","@id":"https:\/\/museum-holzbildhauerei.ch\/fr\/le-musee\/","url":"https:\/\/museum-holzbildhauerei.ch\/fr\/le-musee\/","name":"Le Mus\u00e9e - Schweizer Holzbildhauerei Museum Brienz","isPartOf":{"@id":"https:\/\/museum-holzbildhauerei.ch\/fr\/#website"},"datePublished":"2022-05-02T14:11:06+00:00","dateModified":"2022-12-21T10:19:50+00:00","description":"Le Mus\u00e9e Suisse de la Sculpture sur Bois est situ\u00e9 au c\u0153ur de Brienz. Id\u00e9al pour les \u00e9v\u00e9nements de groupe, les sorties d'entreprise, les programmes familiaux et de v\u00e9ritables moments de qualit\u00e9.","breadcrumb":{"@id":"https:\/\/museum-holzbildhauerei.ch\/fr\/le-musee\/#breadcrumb"},"inLanguage":"fr-FR","potentialAction":[{"@type":"ReadAction","target":["https:\/\/museum-holzbildhauerei.ch\/fr\/le-musee\/"]}]},{"@type":"BreadcrumbList","@id":"https:\/\/museum-holzbildhauerei.ch\/fr\/le-musee\/#breadcrumb","itemListElement":[{"@type":"ListItem","position":1,"name":"Startseite","item":"https:\/\/museum-holzbildhauerei.ch\/fr\/"},{"@type":"ListItem","position":2,"name":"Le Mus\u00e9e"}]},{"@type":"WebSite","@id":"https:\/\/museum-holzbildhauerei.ch\/fr\/#website","url":"https:\/\/museum-holzbildhauerei.ch\/fr\/","name":"Schweizer Holzbildhauerei Museum Brienz","description":"Holzschnitzerei Handwerkskunst","publisher":{"@id":"https:\/\/museum-holzbildhauerei.ch\/fr\/#organization"},"potentialAction":[{"@type":"SearchAction","target":{"@type":"EntryPoint","urlTemplate":"https:\/\/museum-holzbildhauerei.ch\/fr\/?s={search_term_string}"},"query-input":{"@type":"PropertyValueSpecification","valueRequired":true,"valueName":"search_term_string"}}],"inLanguage":"fr-FR"},{"@type":"Organization","@id":"https:\/\/museum-holzbildhauerei.ch\/fr\/#organization","name":"Schweizer Holzbildhauerei Museum Brienz","url":"https:\/\/museum-holzbildhauerei.ch\/fr\/","logo":{"@type":"ImageObject","inLanguage":"fr-FR","@id":"https:\/\/museum-holzbildhauerei.ch\/fr\/#\/schema\/logo\/image\/","url":"https:\/\/museum-holzbildhauerei.ch\/wp-content\/uploads\/2022\/05\/museum-holzbildhauerei-schweiz-brienz-SEO.jpg","contentUrl":"https:\/\/museum-holzbildhauerei.ch\/wp-content\/uploads\/2022\/05\/museum-holzbildhauerei-schweiz-brienz-SEO.jpg","width":600,"height":600,"caption":"Schweizer Holzbildhauerei Museum Brienz"},"image":{"@id":"https:\/\/museum-holzbildhauerei.ch\/fr\/#\/schema\/logo\/image\/"}}]}},"_links":{"self":[{"href":"https:\/\/museum-holzbildhauerei.ch\/fr\/wp-json\/wp\/v2\/pages\/1627","targetHints":{"allow":["GET"]}}],"collection":[{"href":"https:\/\/museum-holzbildhauerei.ch\/fr\/wp-json\/wp\/v2\/pages"}],"about":[{"href":"https:\/\/museum-holzbildhauerei.ch\/fr\/wp-json\/wp\/v2\/types\/page"}],"author":[{"embeddable":true,"href":"https:\/\/museum-holzbildhauerei.ch\/fr\/wp-json\/wp\/v2\/users\/1"}],"replies":[{"embeddable":true,"href":"https:\/\/museum-holzbildhauerei.ch\/fr\/wp-json\/wp\/v2\/comments?post=1627"}],"version-history":[{"count":4,"href":"https:\/\/museum-holzbildhauerei.ch\/fr\/wp-json\/wp\/v2\/pages\/1627\/revisions"}],"predecessor-version":[{"id":1669,"href":"https:\/\/museum-holzbildhauerei.ch\/fr\/wp-json\/wp\/v2\/pages\/1627\/revisions\/1669"}],"wp:attachment":[{"href":"https:\/\/museum-holzbildhauerei.ch\/fr\/wp-json\/wp\/v2\/media?parent=1627"}],"curies":[{"name":"wp","href":"https:\/\/api.w.org\/{rel}","templated":true}]}}